{"id":1633,"date":"2020-11-16T14:10:29","date_gmt":"2020-11-16T17:10:29","guid":{"rendered":"https:\/\/imunize.com.br\/?page_id=1633"},"modified":"2022-01-11T20:31:52","modified_gmt":"2022-01-11T23:31:52","slug":"agendamento","status":"publish","type":"page","link":"http:\/\/imunize.com.br\/?page_id=1633","title":{"rendered":"Agendamento"},"content":{"rendered":"<div class=\"bt_bb_wrapper\"><section id=\"bt_bb_section69d050a371ab8\"  class=\"bt_bb_section bt_bb_layout_wide bt_bb_vertical_align_top\" style=\";background-color:#ffffff;\"><div class=\"bt_bb_port\"><div class=\"bt_bb_cell\"><div class=\"bt_bb_cell_inner\"><div class=\"bt_bb_row_wrapper\"><div  class=\"bt_bb_row\" ><div  class=\"bt_bb_column col-md-12 col-ms-12 bt_bb_align_left bt_bb_vertical_align_top bt_bb_padding_normal\"  data-width=\"12\"><div class=\"bt_bb_column_content\"><div class=\"bt_bb_content_slider bt_bb_content_slider_38333 bt_bb_gap_no_gap bt_bb_arrows_size_large bt_bb_arrows_style_transparent_light bt_bb_show_dots_bottom bt_bb_dots_style_accent_dot bt_bb_show_paging_as_dots bt_bb_height_full_screen bt_bb_animation_slide\"><div class=\"slick-slider\"  data-slick='{ \"lazyLoad\": \"progressive\", \"cssEase\": \"ease-out\", \"speed\": \"600\", \"prevArrow\": \"&lt;button type=\\\"button\\\" class=\\\"slick-prev\\\"&gt;\", \"nextArrow\": \"&lt;button type=\\\"button\\\" class=\\\"slick-next\\\"&gt;\", \"adaptiveHeight\": true, \"dots\": true,\"autoplay\": true, \"autoplaySpeed\": 4000}' ><div class=\"bt_bb_content_slider_item\" style=\"background-position: center 0;;background-image:url(http:\/\/imunize.com.br\/wp-content\/uploads\/2020\/11\/agendamento2-min.png)\"><div class=\"bt_bb_content_slider_item_content content\"><div  class=\"bt_bb_row_inner\" ><div  class=\"bt_bb_column_inner col-md-12 col-ms-12 bt_bb_align_left bt_bb_vertical_align_top bt_bb_animation_fade_in move_up animate bt_bb_padding_normal\"  data-width=\"12\"><div class=\"bt_bb_column_inner_content\"><div class=\"bt_bb_separator bt_bb_top_spacing_extra_large bt_bb_border_style_none\"><\/div><div class=\"bt_bb_separator bt_bb_top_spacing_extra_large bt_bb_border_style_none\"><\/div><div class=\"bt_bb_separator bt_bb_top_spacing_extra_large bt_bb_border_style_none\"><\/div><header class=\"bt_bb_headline bt_bb_font_weight_bold bt_bb_color_scheme_11 bt_bb_dash_none bt_bb_size_extralarge bt_bb_subheadline bt_bb_align_inherit bt_bb_dash_type_none\"><h2 style=\"font-size:5.625em\"><span class=\"bt_bb_headline_content\"><span><s>Agendamento de vacinas <\/s><br \/>\r\n<\/span><\/span><\/h2><div class=\"bt_bb_headline_subheadline\">Voc\u00ea pode agendar sua consulta pelo telefone (34) 3326-1660.<br \/>\r\nO atendimento \u00e9 realizado de segunda a sexta das 08h \u00e0s 19:30h<br \/>\r\ne S\u00e1bados das 8h \u00e0s 15h (exceto feriados).<\/div><\/header><div class=\"bt_bb_separator bt_bb_top_spacing_extra_small bt_bb_bottom_spacing_normal bt_bb_border_style_none\"><\/div><div class=\"bt_bb_separator bt_bb_top_spacing_extra_small bt_bb_bottom_spacing_normal bt_bb_border_style_none\"><\/div><div class=\"bt_bb_separator bt_bb_top_spacing_extra_large bt_bb_bottom_spacing_extra_large bt_bb_border_style_none\"><\/div><div class=\"bt_bb_column_inner_highlight\"><\/div><\/div><\/div><\/div><\/div><\/div><\/div><\/div><div class=\"bt_bb_column_highlight\"><\/div><\/div><\/div><\/div><\/div><\/div><\/div><\/div><\/section><section id=\"bt_bb_section69d050a3782db\"  class=\"bt_bb_section bt_bb_top_spacing_extra_large bt_bb_bottom_spacing_medium bt_bb_layout_boxed_900 bt_bb_vertical_align_top\" ><div class=\"bt_bb_port\"><div class=\"bt_bb_cell\"><div class=\"bt_bb_cell_inner\"><div class=\"bt_bb_row_wrapper\"><div  class=\"bt_bb_row\" ><div  class=\"bt_bb_column col-md-12 col-ms-12 bt_bb_align_left bt_bb_vertical_align_top bt_bb_animation_fade_in animate bt_bb_padding_normal\"  data-width=\"12\"><div class=\"bt_bb_column_content\"><header class=\"bt_bb_headline bt_bb_font_weight_bolder bt_bb_color_scheme_4 bt_bb_dash_none bt_bb_size_extralarge bt_bb_subheadline bt_bb_align_left bt_bb_dash_type_none\" style=\";color:#0068a5;border-color:#0068a5;\"><h2><span class=\"bt_bb_headline_content\"><span>Agende seu atendimento<\/span><\/span><\/h2><div class=\"bt_bb_headline_subheadline\">Por favor, note que a data e hora que voc\u00ea solicitou podem n\u00e3o estar dispon\u00edveis.<br \/>\r\nEntraremos em contato para confirmar seus detalhes reais do compromisso.<\/div><\/header><div class=\"bt_bb_separator bt_bb_bottom_spacing_small bt_bb_border_style_none\"><\/div><div class=\"bt_bb_column_highlight\"><\/div><\/div><\/div><\/div><\/div><\/div><\/div><\/div><\/section><section id=\"bt_bb_section69d050a378928\"  class=\"bt_bb_section bt_bb_bottom_spacing_extra_small bt_bb_layout_boxed_900 bt_bb_vertical_align_top\" ><div class=\"bt_bb_port\"><div class=\"bt_bb_cell\"><div class=\"bt_bb_cell_inner\"><div class=\"bt_bb_row_wrapper\"><div  class=\"bt_bb_row\" ><div  class=\"bt_bb_column col-md-4 col-ms-12 bt_bb_align_left bt_bb_vertical_align_top bt_bb_animation_fade_in animate bt_bb_padding_normal\"  data-width=\"4\"><div class=\"bt_bb_column_content\"><div class=\"bt_bb_separator bt_bb_bottom_spacing_normal bt_bb_border_style_none\"><\/div><div class=\"bt_bb_service bt_bb_color_scheme_3 bt_bb_style_lightfilled bt_bb_size_large bt_bb_shape_circle bt_bb_align_inherit\"><a href=\"#\"  target=\"_self\"  title=\"Endere\u00e7o\"  data-ico-medical=\"&#xe929;\" class=\"bt_bb_icon_holder\"><\/a><div class=\"bt_bb_service_content\"><div class=\"bt_bb_service_content_title\"><a href=\"#\" target=\"_self\">Endere\u00e7o<\/a><\/div><div class=\"bt_bb_service_content_text\">Avenida Get\u00falio Guarit\u00e1, 357 - Sala 12<br \/>\r\nNossa Sra. da Abadia, Uberaba - MG<\/div><\/div><\/div><div class=\"bt_bb_separator bt_bb_bottom_spacing_normal bt_bb_border_style_none\"><\/div><div class=\"bt_bb_service bt_bb_color_scheme_3 bt_bb_style_lightfilled bt_bb_size_large bt_bb_shape_circle bt_bb_align_inherit\"><a href=\"#\"  target=\"_self\"  title=\"Telefones\"  data-ico-fontawesome5solid=\"&#xf879;\" class=\"bt_bb_icon_holder\"><\/a><div class=\"bt_bb_service_content\"><div class=\"bt_bb_service_content_title\"><a href=\"#\" target=\"_self\">Telefones<\/a><\/div><div class=\"bt_bb_service_content_text\">(34) 3326-1660<br \/>\r\n(34) 8837-3273<\/div><\/div><\/div><div class=\"bt_bb_separator bt_bb_bottom_spacing_normal bt_bb_border_style_none\"><\/div><div class=\"bt_bb_service bt_bb_color_scheme_3 bt_bb_style_lightfilled bt_bb_size_large bt_bb_shape_circle bt_bb_align_inherit\"><a href=\"#\"  target=\"_self\"  title=\"E-mail\"  data-ico-development=\"&#xf11d;\" class=\"bt_bb_icon_holder\"><\/a><div class=\"bt_bb_service_content\"><div class=\"bt_bb_service_content_title\"><a href=\"#\" target=\"_self\">E-mail<\/a><\/div><div class=\"bt_bb_service_content_text\">contato@imunize.com.br.br<\/div><\/div><\/div><div class=\"bt_bb_separator bt_bb_bottom_spacing_normal bt_bb_border_style_none\"><\/div><div class=\"bt_bb_service bt_bb_color_scheme_3 bt_bb_style_lightfilled bt_bb_size_large bt_bb_shape_circle bt_bb_align_inherit\"><a href=\"#\"  target=\"_self\"  title=\"Hor\u00e1rio de Atendimento\"  data-ico-business=\"&#xf1a5;\" class=\"bt_bb_icon_holder\"><\/a><div class=\"bt_bb_service_content\"><div class=\"bt_bb_service_content_title\"><a href=\"#\" target=\"_self\">Hor\u00e1rio de Atendimento<\/a><\/div><div class=\"bt_bb_service_content_text\">Segunda \u00e0 sexta 8:00 - 19:30<br \/>\r\nS\u00e1bado 8:00 - 15:00<\/div><\/div><\/div><div class=\"bt_bb_separator bt_bb_bottom_spacing_normal bt_bb_border_style_none\"><\/div><div class=\"bt_bb_column_highlight\"><\/div><\/div><\/div><div  class=\"bt_bb_column col-md-8 col-ms-12 bt_bb_align_left bt_bb_vertical_align_top bt_bb_padding_normal\"  data-width=\"8\"><div class=\"bt_bb_column_content\"><div class=\"bt_bb_separator bt_bb_top_spacing_small bt_bb_bottom_spacing_normal bt_bb_border_style_none\"><\/div><div class=\"bt_bb_contact_form_7\"><div role=\"form\" class=\"wpcf7\" id=\"wpcf7-f668-o1\" lang=\"en-US\" dir=\"ltr\">\n<div class=\"screen-reader-response\"><p role=\"status\" aria-live=\"polite\" aria-atomic=\"true\"><\/p> <ul><\/ul><\/div>\n<form action=\"\/index.php?rest_route=%2Fwp%2Fv2%2Fpages%2F1633#wpcf7-f668-o1\" method=\"post\" class=\"wpcf7-form init\" novalidate=\"novalidate\" data-status=\"init\">\n<div style=\"display: none;\">\n<input type=\"hidden\" name=\"_wpcf7\" value=\"668\" \/>\n<input type=\"hidden\" name=\"_wpcf7_version\" value=\"5.3.2\" \/>\n<input type=\"hidden\" name=\"_wpcf7_locale\" value=\"en_US\" \/>\n<input type=\"hidden\" name=\"_wpcf7_unit_tag\" value=\"wpcf7-f668-o1\" \/>\n<input type=\"hidden\" name=\"_wpcf7_container_post\" value=\"0\" \/>\n<input type=\"hidden\" name=\"_wpcf7_posted_data_hash\" value=\"\" \/>\n<\/div>\n<div class=\"bt_bb_cf7_form\">\n<div class=\"bt_bb_cf7_row\">\n<div class=\"bt_bb_cf7_element\"><span class=\"wpcf7-form-control-wrap your-name\"><input type=\"text\" name=\"your-name\" value=\"\" size=\"40\" class=\"wpcf7-form-control wpcf7-text wpcf7-validates-as-required\" aria-required=\"true\" aria-invalid=\"false\" placeholder=\"Seu nome *\" \/><\/span><\/div>\n<\/div>\n<div class=\"bt_bb_cf7_row\">\n<div class=\"bt_bb_cf7_element\"><span class=\"wpcf7-form-control-wrap your-email\"><input type=\"email\" name=\"your-email\" value=\"\" size=\"40\" class=\"wpcf7-form-control wpcf7-text wpcf7-email wpcf7-validates-as-required wpcf7-validates-as-email\" aria-required=\"true\" aria-invalid=\"false\" placeholder=\"Seu Email *\" \/><\/span><\/div>\n<\/div>\n<div class=\"bt_bb_cf7_row\">\n<div class=\"bt_bb_cf7_element\"><span class=\"wpcf7-form-control-wrap menu-974\"><select name=\"menu-974\" class=\"wpcf7-form-control wpcf7-select\" aria-invalid=\"false\"><option value=\"Escolha uma op\u00e7\u00e3o:\">Escolha uma op\u00e7\u00e3o:<\/option><option value=\"Vacina\u00e7\u00e3o em Crian\u00e7as\">Vacina\u00e7\u00e3o em Crian\u00e7as<\/option><option value=\"Vacina\u00e7\u00e3o de Adultos\">Vacina\u00e7\u00e3o de Adultos<\/option><option value=\"Atendimento domiciliar, empresarial, hospitalar e escolar\">Atendimento domiciliar, empresarial, hospitalar e escolar<\/option><option value=\"Perfura\u00e7\u00e3o de Orelhas\">Perfura\u00e7\u00e3o de Orelhas<\/option><option value=\"Aplica\u00e7\u00e3o de BCG e Hepatite B na Maternidade\">Aplica\u00e7\u00e3o de BCG e Hepatite B na Maternidade<\/option><\/select><\/span><\/div>\n<\/div>\n<div class=\"bt_bb_cf7_row\">\n<div class=\"bt_bb_cf7_element\"><span class=\"wpcf7-form-control-wrap appointment-date\"><input type=\"date\" name=\"appointment-date\" value=\"\" class=\"wpcf7-form-control wpcf7-date wpcf7-validates-as-required wpcf7-validates-as-date\" aria-required=\"true\" aria-invalid=\"false\" placeholder=\"Selecione uma data para o atendimento: *\" \/><\/span><\/div>\n<\/div>\n<div class=\"bt_bb_cf7_row\">\n<div class=\"bt_bb_cf7_element\"><span class=\"wpcf7-form-control-wrap your-message\"><textarea name=\"your-message\" cols=\"40\" rows=\"3\" class=\"wpcf7-form-control wpcf7-textarea\" aria-invalid=\"false\" placeholder=\"Sua mensagem\"><\/textarea><\/span><\/div>\n<\/div>\n<div class=\"bt_bb_cf7_row\">\n<div class=\"bt_bb_cf7_button bt_bb_cf7_element\"><input type=\"submit\" value=\"Agendar consulta\" class=\"wpcf7-form-control wpcf7-submit\" \/><\/div>\n<\/div>\n<\/div>\n<div class=\"wpcf7-response-output\" aria-hidden=\"true\"><\/div><\/form><\/div><\/div><div class=\"bt_bb_separator bt_bb_bottom_spacing_normal bt_bb_border_style_none\"><\/div><div class=\"bt_bb_column_highlight\"><\/div><\/div><\/div><\/div><\/div><\/div><\/div><\/div><\/section><\/div>","protected":false},"excerpt":{"rendered":"","protected":false},"author":1,"featured_media":0,"parent":0,"menu_order":0,"comment_status":"closed","ping_status":"closed","template":"","meta":[],"_links":{"self":[{"href":"http:\/\/imunize.com.br\/index.php?rest_route=\/wp\/v2\/pages\/1633"}],"collection":[{"href":"http:\/\/imunize.com.br\/index.php?rest_route=\/wp\/v2\/pages"}],"about":[{"href":"http:\/\/imunize.com.br\/index.php?rest_route=\/wp\/v2\/types\/page"}],"author":[{"embeddable":true,"href":"http:\/\/imunize.com.br\/index.php?rest_route=\/wp\/v2\/users\/1"}],"replies":[{"embeddable":true,"href":"http:\/\/imunize.com.br\/index.php?rest_route=%2Fwp%2Fv2%2Fcomments&post=1633"}],"version-history":[{"count":14,"href":"http:\/\/imunize.com.br\/index.php?rest_route=\/wp\/v2\/pages\/1633\/revisions"}],"predecessor-version":[{"id":1954,"href":"http:\/\/imunize.com.br\/index.php?rest_route=\/wp\/v2\/pages\/1633\/revisions\/1954"}],"wp:attachment":[{"href":"http:\/\/imunize.com.br\/index.php?rest_route=%2Fwp%2Fv2%2Fmedia&parent=1633"}],"curies":[{"name":"wp","href":"https:\/\/api.w.org\/{rel}","templated":true}]}}