{"id":147,"date":"2019-12-30T11:36:35","date_gmt":"2019-12-30T11:36:35","guid":{"rendered":"http:\/\/denticare.bold-themes.com\/michelle\/?page_id=147"},"modified":"2022-01-12T17:18:59","modified_gmt":"2022-01-12T20:18:59","slug":"vacinacaosemdor","status":"publish","type":"page","link":"https:\/\/imunize.com.br\/?page_id=147","title":{"rendered":"Vacina\u00e7\u00e3o sem dor"},"content":{"rendered":"<div class=\"bt_bb_wrapper\"><section id=\"bt_bb_section69d04defc5b63\"  data-background_image_src=\"'https:\/\/imunize.com.br\/wp-content\/uploads\/2020\/11\/6DMKII-4271-min-min-scaled.jpg'\" class=\"bt_bb_section bt_bb_top_spacing_extra_large bt_bb_bottom_spacing_extra_large bt_bb_color_scheme_1 bt_bb_layout_boxed_1200 bt_bb_vertical_align_top btLazyLoadBackground bt_bb_background_image bt_bb_background_overlay_accent_solid\" style=\"background-image:url(&#039;https:\/\/imunize.com.br\/wp-content\/plugins\/bold-page-builder\/img\/blank.gif&#039;);\"><div class=\"bt_bb_port\"><div class=\"bt_bb_cell\"><div class=\"bt_bb_cell_inner\"><div class=\"bt_bb_row_wrapper\"><div  class=\"bt_bb_row\" ><div  class=\"bt_bb_column col-md-6 col-sm-12 bt_bb_align_left bt_bb_vertical_align_top bt_bb_animation_fade_in move_up animate bt_bb_padding_normal\"  data-width=\"6\"><div class=\"bt_bb_column_content\"><div class=\"bt_bb_separator bt_bb_top_spacing_large bt_bb_border_style_none\"><\/div><header class=\"bt_bb_headline bt_bb_color_scheme_7 bt_bb_dash_none bt_bb_size_large bt_bb_align_inherit bt_bb_dash_type_none\" style=\";color:#ffffff;border-color:#ffffff;\"><h1><span class=\"bt_bb_headline_content\"><span>Conhe\u00e7a os m\u00e9todos de<\/span><\/span><\/h1><\/header><header class=\"bt_bb_headline bt_bb_font_weight_bold bt_bb_color_scheme_1 bt_bb_dash_none bt_bb_size_extralarge bt_bb_align_inherit bt_bb_dash_type_none\"><h1><span class=\"bt_bb_headline_content\"><span><s>vacina\u00e7\u00e3o sem dor<\/s><\/span><\/span><\/h1><\/header><div class=\"bt_bb_separator bt_bb_top_spacing_small bt_bb_bottom_spacing_normal bt_bb_border_style_none\"><\/div><div class=\"bt_bb_column_highlight\"><\/div><\/div><\/div><div  class=\"bt_bb_column col-md-6 col-sm-12 bt_bb_align_left bt_bb_vertical_align_top bt_bb_padding_normal\"  data-width=\"6\"><div class=\"bt_bb_column_content\"><div class=\"bt_bb_column_highlight\"><\/div><\/div><\/div><\/div><\/div><div class=\"bt_bb_row_wrapper\"><div  class=\"bt_bb_row\" ><div  class=\"bt_bb_column col-md-12 col-ms-12 bt_bb_align_left bt_bb_vertical_align_top bt_bb_padding_normal\"  data-width=\"12\"><div class=\"bt_bb_column_content\"><div class=\"bt_bb_separator bt_bb_top_spacing_normal bt_bb_bottom_spacing_normal bt_bb_border_style_dotted bt_bb_hidden_xs bt_bb_hidden_ms bt_bb_hidden_sm\" style=\"border-bottom-color: #FFF; opacity: .3;; border-width: 2px\"><\/div><div class=\"bt_bb_column_highlight\"><\/div><\/div><\/div><\/div><\/div><div class=\"bt_bb_row_wrapper\"><div  class=\"bt_bb_row\" ><div  class=\"bt_bb_column col-md-6 col-sm-12 bt_bb_align_left bt_bb_vertical_align_middle bt_bb_animation_fade_in animate bt_bb_padding_normal\"  data-width=\"6\"><div class=\"bt_bb_column_content\"><div  class=\"bt_bb_text btAlternateQuote\" ><blockquote><p>Na Imunize dispomos de tecnologias que auxiliam a eliminar a dor e o medo das agulhas.<\/p><\/blockquote>\n<\/div><div class=\"bt_bb_separator bt_bb_bottom_spacing_small bt_bb_border_style_none\"><\/div><div class=\"bt_bb_column_highlight\"><\/div><\/div><\/div><div  class=\"bt_bb_column col-md-6 col-sm-12 bt_bb_align_left bt_bb_vertical_align_top bt_bb_animation_fade_in animate bt_bb_padding_normal\"  data-width=\"6\"><div class=\"bt_bb_column_content\"><div  class=\"bt_bb_text\" ><p>Com o objetivo de transformar a vacina\u00e7\u00e3o em uma experi\u00eancia mais tranquila e agrad\u00e1vel, a\u00a0<strong>Imunize<\/strong>\u00a0possui v\u00e1rias metodologias que inclu\u00edmos em um protocolo chamado\u00a0<strong>Vacina\u00e7\u00e3o Sem Dor<\/strong>.<\/p>\n<p>Para cada idade e perfil de paciente h\u00e1 m\u00e9todos auxiliares para diminuir a dor e o medo no momento da aplica\u00e7\u00e3o das vacinas.<\/p>\n<\/div><div class=\"bt_bb_separator bt_bb_bottom_spacing_small bt_bb_border_style_none\"><\/div><div class=\"bt_bb_column_highlight\"><\/div><\/div><\/div><\/div><\/div><\/div><\/div><\/div><\/section><section id=\"bt_bb_section69d04defc6578\"  class=\"bt_bb_section bt_bb_top_spacing_normal bt_bb_bottom_spacing_medium bt_bb_layout_boxed_800 bt_bb_vertical_align_top\" ><div class=\"bt_bb_port\"><div class=\"bt_bb_cell\"><div class=\"bt_bb_cell_inner\"><div class=\"bt_bb_row_wrapper\"><div  class=\"bt_bb_row\" ><div  class=\"bt_bb_column col-md-12 col-ms-12 bt_bb_align_center bt_bb_vertical_align_top bt_bb_animation_fade_in animate bt_bb_padding_normal\"  data-width=\"12\"><div class=\"bt_bb_column_content\"><header class=\"bt_bb_headline bt_bb_color_scheme_3 bt_bb_dash_none bt_bb_size_large bt_bb_align_inherit bt_bb_dash_type_none\"><h4><span class=\"bt_bb_headline_content\"><span>Venha conhecer estes m\u00e9todos:<\/span><\/span><\/h4><\/header><div class=\"bt_bb_separator bt_bb_bottom_spacing_small bt_bb_border_style_none\"><\/div><div  class=\"bt_bb_text\" ><p>A moderniza\u00e7\u00e3o tamb\u00e9m chegou na vacina\u00e7\u00e3o.<\/p>\n<\/div><div class=\"bt_bb_column_highlight\"><\/div><\/div><\/div><\/div><\/div><div class=\"bt_bb_row_wrapper\"><div  class=\"bt_bb_row\" ><\/div><\/div><\/div><\/div><\/div><\/section><section id=\"bt_bb_section69d04defc6842\"  class=\"bt_bb_section bt_bb_top_spacing_normal bt_bb_bottom_spacing_medium bt_bb_layout_boxed_900 bt_bb_vertical_align_top\" ><div class=\"bt_bb_port\"><div class=\"bt_bb_cell\"><div class=\"bt_bb_cell_inner\"><div class=\"bt_bb_row_wrapper\"><div  class=\"bt_bb_row\" ><div  class=\"bt_bb_column col-md-12 col-ms-12 bt_bb_align_left bt_bb_vertical_align_top bt_bb_animation_fade_in animate bt_bb_padding_normal\"  data-width=\"12\"><div class=\"bt_bb_column_content\"><div class=\"bt_bb_image bt_bb_shape_square bt_bb_align_left bt_bb_hover_style_simple bt_bb_content_display_always bt_bb_content_align_middle\"><span><img src = \"https:\/\/imunize.com.br\/wp-content\/plugins\/bold-page-builder\/img\/blank.gif\" data-full_image_src=\"https:\/\/imunize.com.br\/wp-content\/uploads\/2020\/11\/Realidade-Virtual2.png\" data-image_src=\"https:\/\/imunize.com.br\/wp-content\/uploads\/2020\/11\/Realidade-Virtual2-160x160.png\" title=\"Realidade-Virtual2\" alt=\"https:\/\/imunize.com.br\/wp-content\/uploads\/2020\/11\/Realidade-Virtual2-160x160.png\" class=\"btLazyLoadImage\"><\/span><\/div><div class=\"bt_bb_separator bt_bb_bottom_spacing_small bt_bb_border_style_none\"><\/div><header class=\"bt_bb_headline bt_bb_color_scheme_3 bt_bb_dash_none bt_bb_size_large bt_bb_align_inherit bt_bb_dash_type_none\"><h2><span class=\"bt_bb_headline_content\"><span>Realidade Virtual<\/span><\/span><\/h2><\/header><div class=\"bt_bb_separator bt_bb_bottom_spacing_extra_small bt_bb_border_style_none\"><\/div><div  class=\"bt_bb_text\" ><p>Agora ficou mais f\u00e1cil tomar vacina!\u00a0A crian\u00e7a assiste um v\u00eddeo utilizando um \u00f3culos de realidade virtual enquanto a enfermeira prepara e aplica a vacina.<\/p>\n<p>A crian\u00e7a se distrai com o filme e a vacina\u00e7\u00e3o acontece de forma r\u00e1pida e divertida! O envolvimento nesse ambiente l\u00fadico ajuda a vencer o\u00a0<strong>medo de tomar vacina<\/strong>.<\/p>\n<p>O resultado final \u00e9 inimagin\u00e1vel, a garotada sai feliz!\u00a0Venha conferir esta novidade!<\/p>\n<\/div><div class=\"bt_bb_column_highlight\"><\/div><\/div><\/div><\/div><\/div><\/div><\/div><\/div><\/section><section id=\"bt_bb_section69d04defc7249\"  class=\"bt_bb_section bt_bb_top_spacing_normal bt_bb_bottom_spacing_medium bt_bb_layout_boxed_900 bt_bb_vertical_align_top\" ><div class=\"bt_bb_port\"><div class=\"bt_bb_cell\"><div class=\"bt_bb_cell_inner\"><div class=\"bt_bb_row_wrapper\"><div  class=\"bt_bb_row\" ><div  class=\"bt_bb_column col-md-12 col-ms-12 bt_bb_align_left bt_bb_vertical_align_top bt_bb_animation_fade_in animate bt_bb_padding_normal\"  data-width=\"12\"><div class=\"bt_bb_column_content\"><div class=\"bt_bb_image bt_bb_shape_square bt_bb_align_inherit bt_bb_hover_style_simple bt_bb_content_display_always bt_bb_content_align_middle\"><span><img src = \"https:\/\/imunize.com.br\/wp-content\/plugins\/bold-page-builder\/img\/blank.gif\" data-full_image_src=\"https:\/\/imunize.com.br\/wp-content\/uploads\/2020\/11\/buzzy.png\" data-image_src=\"https:\/\/imunize.com.br\/wp-content\/uploads\/2020\/11\/buzzy-160x160.png\" title=\"buzzy\" alt=\"https:\/\/imunize.com.br\/wp-content\/uploads\/2020\/11\/buzzy-160x160.png\" class=\"btLazyLoadImage\"><\/span><\/div><div class=\"bt_bb_separator bt_bb_bottom_spacing_small bt_bb_border_style_none\"><\/div><header class=\"bt_bb_headline bt_bb_color_scheme_3 bt_bb_dash_none bt_bb_size_large bt_bb_align_inherit bt_bb_dash_type_none\"><h2><span class=\"bt_bb_headline_content\"><span>Buzzy<\/span><\/span><\/h2><\/header><div class=\"bt_bb_separator bt_bb_bottom_spacing_extra_small bt_bb_border_style_none\"><\/div><div  class=\"bt_bb_text\" ><p>\u00c9 um dispositivo em formato de abelhinha ou joaninha que proporciona al\u00edvio de forma natural em poucos segundos sem necessidade de medicamentos.<br \/>\nO Buzzy usa a tecnologia CoolPulse que alia os benef\u00edcios da vibra\u00e7\u00e3o em alta frequ\u00eancia com bolsas de gelo. A vibra\u00e7\u00e3o e o gelo criam diferentes sensa\u00e7\u00f5es.<\/p>\n<p>O conceito da Teoria do Port\u00e3o diz que quando voc\u00ea envia para o seu c\u00e9rebro informa\u00e7\u00f5es de movimento e frio o \u201cport\u00e3o\u201d se fecha para dor. Diversos estudos cl\u00ednicos comprovaram que o Buzzy diminui sensivelmente a dor da picada de agulhas.<\/p>\n<\/div><div class=\"bt_bb_column_highlight\"><\/div><\/div><\/div><\/div><\/div><\/div><\/div><\/div><\/section><section id=\"bt_bb_section69d04defc7a83\"  class=\"bt_bb_section bt_bb_top_spacing_normal bt_bb_bottom_spacing_medium bt_bb_layout_boxed_900 bt_bb_vertical_align_top\" ><div class=\"bt_bb_port\"><div class=\"bt_bb_cell\"><div class=\"bt_bb_cell_inner\"><div class=\"bt_bb_row_wrapper\"><div  class=\"bt_bb_row\" ><div  class=\"bt_bb_column col-md-12 col-ms-12 bt_bb_align_left bt_bb_vertical_align_top bt_bb_animation_fade_in animate bt_bb_padding_normal\"  data-width=\"12\"><div class=\"bt_bb_column_content\"><div class=\"bt_bb_image bt_bb_shape_square bt_bb_align_inherit bt_bb_hover_style_simple bt_bb_content_display_always bt_bb_content_align_middle\"><span><img src = \"https:\/\/imunize.com.br\/wp-content\/plugins\/bold-page-builder\/img\/blank.gif\" data-full_image_src=\"https:\/\/imunize.com.br\/wp-content\/uploads\/2020\/11\/pic.png\" data-image_src=\"https:\/\/imunize.com.br\/wp-content\/uploads\/2020\/11\/pic-160x160.png\" title=\"pic\" alt=\"https:\/\/imunize.com.br\/wp-content\/uploads\/2020\/11\/pic-160x160.png\" class=\"btLazyLoadImage\"><\/span><\/div><div class=\"bt_bb_separator bt_bb_bottom_spacing_small bt_bb_border_style_none\"><\/div><header class=\"bt_bb_headline bt_bb_color_scheme_3 bt_bb_dash_none bt_bb_size_large bt_bb_align_inherit bt_bb_dash_type_none\"><h2><span class=\"bt_bb_headline_content\"><span>PikLuc<\/span><\/span><\/h2><\/header><div class=\"bt_bb_separator bt_bb_bottom_spacing_extra_small bt_bb_border_style_none\"><\/div><div  class=\"bt_bb_text\" ><p>\u00c9 um dessensibilizador para al\u00edvio da dor na hora de aplicar a vacina.<br \/>\nPossui minipontas, que ao pressionarem o local da aplica\u00e7\u00e3o, sensibilizam os nervos da regi\u00e3o e alivia a sensa\u00e7\u00e3o da dor causada pela agulha. Tem efeito imediato.<\/p>\n<\/div><div class=\"bt_bb_column_highlight\"><\/div><\/div><\/div><\/div><\/div><\/div><\/div><\/div><\/section><section id=\"bt_bb_section69d04defc8216\"  class=\"bt_bb_section bt_bb_top_spacing_normal bt_bb_bottom_spacing_medium bt_bb_layout_boxed_900 bt_bb_vertical_align_top\" ><div class=\"bt_bb_port\"><div class=\"bt_bb_cell\"><div class=\"bt_bb_cell_inner\"><div class=\"bt_bb_row_wrapper\"><div  class=\"bt_bb_row\" ><div  class=\"bt_bb_column col-md-12 col-ms-12 bt_bb_align_left bt_bb_vertical_align_top bt_bb_animation_fade_in animate bt_bb_padding_normal\"  data-width=\"12\"><div class=\"bt_bb_column_content\"><div class=\"bt_bb_image bt_bb_shape_square bt_bb_align_inherit bt_bb_hover_style_simple bt_bb_content_display_always bt_bb_content_align_middle\"><span><img src = \"https:\/\/imunize.com.br\/wp-content\/plugins\/bold-page-builder\/img\/blank.gif\" data-full_image_src=\"https:\/\/imunize.com.br\/wp-content\/uploads\/2020\/11\/amamentando.png\" data-image_src=\"https:\/\/imunize.com.br\/wp-content\/uploads\/2020\/11\/amamentando-160x160.png\" title=\"amamentando\" alt=\"https:\/\/imunize.com.br\/wp-content\/uploads\/2020\/11\/amamentando-160x160.png\" class=\"btLazyLoadImage\"><\/span><\/div><div class=\"bt_bb_separator bt_bb_bottom_spacing_small bt_bb_border_style_none\"><\/div><header class=\"bt_bb_headline bt_bb_color_scheme_3 bt_bb_dash_none bt_bb_size_large bt_bb_align_inherit bt_bb_dash_type_none\"><h2><span class=\"bt_bb_headline_content\"><span>Amamenta\u00e7\u00e3o<\/span><\/span><\/h2><\/header><div class=\"bt_bb_separator bt_bb_bottom_spacing_extra_small bt_bb_border_style_none\"><\/div><div  class=\"bt_bb_text\" ><p>Colo, carinho e peito. Para os beb\u00eas, a amamenta\u00e7\u00e3o \u00e9 o melhor m\u00e9todo para acalm\u00e1-lo e aliviar a irrita\u00e7\u00e3o no local da picada da vacina. H\u00e1 v\u00e1rios estudos que comprovam este benef\u00edcio.<\/p>\n<p>Por esta raz\u00e3o, estimulamos a m\u00e3e que amamenta a oferecer o aleitamento materno, pois juntamente o colo e o carinho funcionam como um coadjuvante no al\u00edvio da dor.<\/p>\n<\/div><div class=\"bt_bb_column_highlight\"><\/div><\/div><\/div><\/div><\/div><\/div><\/div><\/div><\/section><\/div>","protected":false},"excerpt":{"rendered":"<p>Completely synergize resource taxing relationships via premier niche markets. Professionally cultivate one-to-one customer service with robust ideas. Dynamically innovate resource-leveling customer service for state of the art customer service.<\/p>\n","protected":false},"author":1,"featured_media":0,"parent":0,"menu_order":0,"comment_status":"closed","ping_status":"closed","template":"","meta":[],"_links":{"self":[{"href":"https:\/\/imunize.com.br\/index.php?rest_route=\/wp\/v2\/pages\/147"}],"collection":[{"href":"https:\/\/imunize.com.br\/index.php?rest_route=\/wp\/v2\/pages"}],"about":[{"href":"https:\/\/imunize.com.br\/index.php?rest_route=\/wp\/v2\/types\/page"}],"author":[{"embeddable":true,"href":"https:\/\/imunize.com.br\/index.php?rest_route=\/wp\/v2\/users\/1"}],"replies":[{"embeddable":true,"href":"https:\/\/imunize.com.br\/index.php?rest_route=%2Fwp%2Fv2%2Fcomments&post=147"}],"version-history":[{"count":38,"href":"https:\/\/imunize.com.br\/index.php?rest_route=\/wp\/v2\/pages\/147\/revisions"}],"predecessor-version":[{"id":2075,"href":"https:\/\/imunize.com.br\/index.php?rest_route=\/wp\/v2\/pages\/147\/revisions\/2075"}],"wp:attachment":[{"href":"https:\/\/imunize.com.br\/index.php?rest_route=%2Fwp%2Fv2%2Fmedia&parent=147"}],"curies":[{"name":"wp","href":"https:\/\/api.w.org\/{rel}","templated":true}]}}