{"id":1581,"date":"2020-11-15T18:06:04","date_gmt":"2020-11-15T18:06:04","guid":{"rendered":"https:\/\/imunize.com.br\/?page_id=1581"},"modified":"2022-01-11T20:28:16","modified_gmt":"2022-01-11T23:28:16","slug":"vacinas-do-viajante","status":"publish","type":"page","link":"https:\/\/imunize.com.br\/?page_id=1581","title":{"rendered":"Vacinas do viajante"},"content":{"rendered":"<div class=\"bt_bb_wrapper\"><section id=\"bt_bb_section69d050009d759\"  class=\"bt_bb_section bt_bb_layout_wide bt_bb_vertical_align_top\" style=\";background-color:#ffffff;\"><div class=\"bt_bb_port\"><div class=\"bt_bb_cell\"><div class=\"bt_bb_cell_inner\"><div class=\"bt_bb_row_wrapper\"><div  class=\"bt_bb_row\" ><div  class=\"bt_bb_column col-md-12 col-ms-12 bt_bb_align_left bt_bb_vertical_align_top bt_bb_padding_normal\"  data-width=\"12\"><div class=\"bt_bb_column_content\"><div class=\"bt_bb_content_slider bt_bb_content_slider_18427 bt_bb_gap_no_gap bt_bb_arrows_size_large bt_bb_arrows_style_transparent_light bt_bb_show_dots_bottom bt_bb_dots_style_accent_dot bt_bb_show_paging_as_dots bt_bb_height_full_screen bt_bb_animation_slide\"><div class=\"slick-slider\"  data-slick='{ \"lazyLoad\": \"progressive\", \"cssEase\": \"ease-out\", \"speed\": \"600\", \"prevArrow\": \"&lt;button type=\\\"button\\\" class=\\\"slick-prev\\\"&gt;\", \"nextArrow\": \"&lt;button type=\\\"button\\\" class=\\\"slick-next\\\"&gt;\", \"adaptiveHeight\": true, \"dots\": true,\"autoplay\": true, \"autoplaySpeed\": 4000}' ><div class=\"bt_bb_content_slider_item\" style=\"background-position: center 0;;background-image:url(https:\/\/imunize.com.br\/wp-content\/uploads\/2020\/11\/turismo-min.png)\"><div class=\"bt_bb_content_slider_item_content content\"><div  class=\"bt_bb_row_inner\" ><div  class=\"bt_bb_column_inner col-md-12 col-ms-12 bt_bb_align_left bt_bb_vertical_align_top bt_bb_animation_fade_in move_up animate bt_bb_padding_normal\"  data-width=\"12\"><div class=\"bt_bb_column_inner_content\"><div class=\"bt_bb_separator bt_bb_top_spacing_extra_large bt_bb_border_style_none\"><\/div><div class=\"bt_bb_separator bt_bb_top_spacing_extra_large bt_bb_border_style_none\"><\/div><div class=\"bt_bb_separator bt_bb_top_spacing_extra_large bt_bb_border_style_none\"><\/div><header class=\"bt_bb_headline bt_bb_font_weight_bold bt_bb_color_scheme_11 bt_bb_dash_none bt_bb_size_extralarge bt_bb_subheadline bt_bb_align_inherit bt_bb_dash_type_none\"><h2 style=\"font-size:5.625em\"><span class=\"bt_bb_headline_content\"><span><s>Vacinas do viajante <\/s><br \/>\r\n<\/span><\/span><\/h2><div class=\"bt_bb_headline_subheadline\">Viajar \u00e9 um dos maiores prazeres da vida. Aproveite ao m\u00e1ximo a sua viagem,<br \/>\r\nmas viaje protegido. Antes de viajar, \u00e9 importante conhecer os cuidados que<br \/>\r\ndevem ser tomados com a sa\u00fade de acordo com o pa\u00eds destino.<br \/>\r\n<br \/>\r\nExistem algumas vacinas recomendadas e outras exigidas para os viajantes<br \/>\r\nque ir\u00e3o para determinadas regi\u00f5es ou pa\u00edses do mundo. As recomenda\u00e7\u00f5es<br \/>\r\nde acordo com cada pa\u00eds s\u00e3o fornecidas pela OMS.<\/div><\/header><div class=\"bt_bb_separator bt_bb_top_spacing_extra_small bt_bb_bottom_spacing_normal bt_bb_border_style_none\"><\/div><div class=\"bt_bb_separator bt_bb_top_spacing_extra_small bt_bb_bottom_spacing_normal bt_bb_border_style_none\"><\/div><div class=\"bt_bb_separator bt_bb_top_spacing_extra_large bt_bb_bottom_spacing_extra_large bt_bb_border_style_none\"><\/div><div class=\"bt_bb_column_inner_highlight\"><\/div><\/div><\/div><\/div><\/div><\/div><\/div><\/div><div class=\"bt_bb_column_highlight\"><\/div><\/div><\/div><\/div><\/div><\/div><\/div><\/div><\/section><section id=\"bt_bb_section69d050009e29e\"  class=\"bt_bb_section bt_bb_top_spacing_extra_large bt_bb_bottom_spacing_medium bt_bb_layout_boxed_1200 bt_bb_vertical_align_top\" ><div class=\"bt_bb_port\"><div class=\"bt_bb_cell\"><div class=\"bt_bb_cell_inner\"><div class=\"bt_bb_row_wrapper\"><div  class=\"bt_bb_row\" ><div  class=\"bt_bb_column col-md-12 col-ms-12 bt_bb_align_left bt_bb_vertical_align_top bt_bb_animation_fade_in animate bt_bb_padding_normal\"  data-width=\"12\"><div class=\"bt_bb_column_content\"><header class=\"bt_bb_headline bt_bb_font_weight_bolder bt_bb_color_scheme_4 bt_bb_dash_none bt_bb_size_extralarge bt_bb_subheadline bt_bb_align_center bt_bb_dash_type_none\" style=\";color:#0068a5;border-color:#0068a5;\"><h2><span class=\"bt_bb_headline_content\"><span>Vacinas indicadas<br \/>\r\npara o viajante<\/span><\/span><\/h2><div class=\"bt_bb_headline_subheadline\">Confira as principais doen\u00e7as recomendadas para preven\u00e7\u00e3o:<\/div><\/header><div class=\"bt_bb_separator bt_bb_top_spacing_normal bt_bb_border_style_none\"><\/div><div class=\"bt_bb_column_highlight\"><\/div><\/div><\/div><\/div><\/div><div class=\"bt_bb_row_wrapper\"><div  class=\"bt_bb_row\" ><div  class=\"bt_bb_column col-md-3 col-sm-6 col-ms-12 bt_bb_align_left bt_bb_vertical_align_top bt_bb_animation_fade_in animate bt_bb_padding_normal\"  data-width=\"3\"><div class=\"bt_bb_column_content\"><div class=\"bt_bb_column_highlight\"><\/div><\/div><\/div><div  class=\"bt_bb_column col-md-3 col-sm-6 col-ms-12 bt_bb_align_left bt_bb_vertical_align_top bt_bb_padding_normal\"  data-width=\"3\"><div class=\"bt_bb_column_content\"><div class=\"bt_bb_image bt_bb_shape_square bt_bb_align_inherit bt_bb_hover_style_simple bt_bb_content_display_always bt_bb_content_align_middle\"><span><img src = \"https:\/\/imunize.com.br\/wp-content\/plugins\/bold-page-builder\/img\/blank.gif\" data-full_image_src=\"https:\/\/imunize.com.br\/wp-content\/uploads\/2020\/11\/pacote-vacinacao-viajantes.png\" data-image_src=\"https:\/\/imunize.com.br\/wp-content\/uploads\/2020\/11\/pacote-vacinacao-viajantes-640x905.png\" title=\"pacote-vacinacao-viajantes\" alt=\"https:\/\/imunize.com.br\/wp-content\/uploads\/2020\/11\/pacote-vacinacao-viajantes-640x905.png\" class=\"btLazyLoadImage\"><\/span><\/div><div class=\"bt_bb_column_highlight\"><\/div><\/div><\/div><div  class=\"bt_bb_column col-md-3 col-sm-6 col-ms-12 bt_bb_align_left bt_bb_vertical_align_top bt_bb_padding_normal\"  data-width=\"3\"><div class=\"bt_bb_column_content\"><div class=\"bt_bb_separator bt_bb_top_spacing_normal bt_bb_border_style_none\"><\/div><header class=\"bt_bb_headline bt_bb_font_weight_bolder bt_bb_color_scheme_4 bt_bb_dash_none bt_bb_size_extrahuge bt_bb_subheadline bt_bb_align_left bt_bb_dash_type_none\" style=\";color:#0068a5;border-color:#0068a5;\"><div class=\"bt_bb_headline_subheadline\">Clique no bot\u00e3o para baixar os planos de vacina\u00e7\u00e3o.<\/div><\/header><div class=\"bt_bb_separator bt_bb_top_spacing_normal bt_bb_border_style_none\"><\/div><div class=\"bt_bb_button bt_bb_icon_position_left bt_bb_color_scheme_17 bt_bb_style_outline bt_bb_size_small bt_bb_width_inline bt_bb_shape_inherit bt_bb_align_inherit\"><a href=\"http:\/\/imunize.com.br\/wp-content\/uploads\/2020\/11\/pacote-vacinacao-viajantes.pdf\" target=\"_blank\" class=\"bt_bb_link\" title=\"Baixar Plano\"><span class=\"bt_bb_button_text\">Baixar Plano<\/span><span  data-ico-fontawesome5solid=\"&#xf381;\" class=\"bt_bb_icon_holder\"><\/span><\/a><\/div><div class=\"bt_bb_column_highlight\"><\/div><\/div><\/div><div  class=\"bt_bb_column col-md-3 col-sm-6 col-ms-12 bt_bb_align_left bt_bb_vertical_align_top bt_bb_padding_normal\"  data-width=\"3\"><div class=\"bt_bb_column_content\"><div class=\"bt_bb_column_highlight\"><\/div><\/div><\/div><\/div><\/div><\/div><\/div><\/div><\/section><section id=\"bt_bb_section69d050009efc0\"  class=\"bt_bb_section bt_bb_top_spacing_small bt_bb_bottom_spacing_medium bt_bb_layout_boxed_1200 bt_bb_vertical_align_top\" ><div class=\"bt_bb_port\"><div class=\"bt_bb_cell\"><div class=\"bt_bb_cell_inner\"><div class=\"bt_bb_row_wrapper\"><div  class=\"bt_bb_row\" ><div  class=\"bt_bb_column col-md-12 col-ms-12 bt_bb_align_left bt_bb_vertical_align_top bt_bb_animation_fade_in animate bt_bb_padding_normal\"  data-width=\"12\"><div class=\"bt_bb_column_content\"><header class=\"bt_bb_headline bt_bb_font_weight_bolder bt_bb_color_scheme_4 bt_bb_dash_none bt_bb_size_extralarge bt_bb_superheadline bt_bb_align_center bt_bb_dash_type_none\" style=\";color:#0068a5;border-color:#0068a5;\"><h2><span class=\"bt_bb_headline_superheadline\">Prote\u00e7\u00e3o com qualidade e seguran\u00e7a para toda a fam\u00edlia<\/span><span class=\"bt_bb_headline_content\"><span>Agendamento para<br \/>\r\nvacina\u00e7\u00e3o ou orienta\u00e7\u00e3o <\/span><\/span><\/h2><\/header><div class=\"bt_bb_separator bt_bb_top_spacing_extra_small bt_bb_border_style_none\"><\/div><div  class=\"bt_bb_text\" ><p style=\"text-align: center;\">Por favor, note que a data e hora que voc\u00ea solicitou podem n\u00e3o estar dispon\u00edveis.<br \/>\nEntraremos em contato para confirmar seus detalhes reais do compromisso.<\/p>\n<\/div><div class=\"bt_bb_column_highlight\"><\/div><\/div><\/div><\/div><\/div><\/div><\/div><\/div><\/section><section id=\"bt_bb_section69d050009f206\"  class=\"bt_bb_section bt_bb_top_spacing_extra_small bt_bb_bottom_spacing_medium bt_bb_layout_boxed_1200 bt_bb_vertical_align_top\" ><div class=\"bt_bb_port\"><div class=\"bt_bb_cell\"><div class=\"bt_bb_cell_inner\"><div class=\"bt_bb_row_wrapper\"><div  class=\"bt_bb_row\" ><div  class=\"bt_bb_column col-md-3 col-sm-6 col-ms-12 bt_bb_align_left bt_bb_vertical_align_top bt_bb_animation_fade_in animate bt_bb_padding_normal\"  data-width=\"3\"><div class=\"bt_bb_column_content\"><div class=\"bt_bb_column_highlight\"><\/div><\/div><\/div><div  class=\"bt_bb_column col-md-6 col-sm-12 bt_bb_align_left bt_bb_vertical_align_top bt_bb_padding_normal\"  data-width=\"6\"><div class=\"bt_bb_column_content\"><div class=\"bt_bb_contact_form_7\"><div role=\"form\" class=\"wpcf7\" id=\"wpcf7-f1588-o1\" lang=\"en-US\" dir=\"ltr\">\n<div class=\"screen-reader-response\"><p role=\"status\" aria-live=\"polite\" aria-atomic=\"true\"><\/p> <ul><\/ul><\/div>\n<form action=\"\/index.php?rest_route=%2Fwp%2Fv2%2Fpages%2F1581#wpcf7-f1588-o1\" method=\"post\" class=\"wpcf7-form init\" novalidate=\"novalidate\" data-status=\"init\">\n<div style=\"display: none;\">\n<input type=\"hidden\" name=\"_wpcf7\" value=\"1588\" \/>\n<input type=\"hidden\" name=\"_wpcf7_version\" value=\"5.3.2\" \/>\n<input type=\"hidden\" name=\"_wpcf7_locale\" value=\"en_US\" \/>\n<input type=\"hidden\" name=\"_wpcf7_unit_tag\" value=\"wpcf7-f1588-o1\" \/>\n<input type=\"hidden\" name=\"_wpcf7_container_post\" value=\"0\" \/>\n<input type=\"hidden\" name=\"_wpcf7_posted_data_hash\" value=\"\" \/>\n<\/div>\n<div class=\"bt_bb_cf7_form\">\n<div class=\"bt_bb_cf7_row\">\n<div class=\"bt_bb_cf7_element\"><span class=\"wpcf7-form-control-wrap your-name\"><input type=\"text\" name=\"your-name\" value=\"\" size=\"40\" class=\"wpcf7-form-control wpcf7-text wpcf7-validates-as-required\" aria-required=\"true\" aria-invalid=\"false\" placeholder=\"Seu nome *\" \/><\/span><\/div>\n<\/div>\n<div class=\"bt_bb_cf7_row\">\n<div class=\"bt_bb_cf7_element\"><span class=\"wpcf7-form-control-wrap your-email\"><input type=\"email\" name=\"your-email\" value=\"\" size=\"40\" class=\"wpcf7-form-control wpcf7-text wpcf7-email wpcf7-validates-as-required wpcf7-validates-as-email\" aria-required=\"true\" aria-invalid=\"false\" placeholder=\"Seu Email *\" \/><\/span><\/div>\n<\/div>\n<div class=\"bt_bb_cf7_row\">\n<div class=\"bt_bb_cf7_element\"><span class=\"wpcf7-form-control-wrap tel-621\"><input type=\"tel\" name=\"tel-621\" value=\"\" size=\"40\" class=\"wpcf7-form-control wpcf7-text wpcf7-tel wpcf7-validates-as-required wpcf7-validates-as-tel\" aria-required=\"true\" aria-invalid=\"false\" placeholder=\"Telefone*\" \/><\/span><\/div>\n<\/div>\n<div class=\"bt_bb_cf7_row\">\n<div class=\"bt_bb_cf7_element\"><span class=\"wpcf7-form-control-wrap menu-974\"><select name=\"menu-974\" class=\"wpcf7-form-control wpcf7-select\" aria-invalid=\"false\"><option value=\"Escolha uma op\u00e7\u00e3o:\">Escolha uma op\u00e7\u00e3o:<\/option><option value=\"Agendamento para vacinas\">Agendamento para vacinas<\/option><option value=\"Agendar Orienta\u00e7\u00e3o\">Agendar Orienta\u00e7\u00e3o<\/option><\/select><\/span><\/div>\n<\/div>\n<div class=\"bt_bb_cf7_row\">\n<div class=\"bt_bb_cf7_element\"><span class=\"wpcf7-form-control-wrap appointment-date\"><input type=\"date\" name=\"appointment-date\" value=\"\" class=\"wpcf7-form-control wpcf7-date wpcf7-validates-as-required wpcf7-validates-as-date\" aria-required=\"true\" aria-invalid=\"false\" placeholder=\"Selecione uma data para o atendimento: *\" \/><\/span><\/div>\n<\/div>\n<div class=\"bt_bb_cf7_row\">\n<div class=\"bt_bb_cf7_element\"><span class=\"wpcf7-form-control-wrap your-message\"><textarea name=\"your-message\" cols=\"40\" rows=\"3\" class=\"wpcf7-form-control wpcf7-textarea\" aria-invalid=\"false\" placeholder=\"Sua mensagem\"><\/textarea><\/span><\/div>\n<\/div>\n<div class=\"bt_bb_cf7_row\">\n<div class=\"bt_bb_cf7_button bt_bb_cf7_element\"><input type=\"submit\" value=\"Agendar consulta\" class=\"wpcf7-form-control wpcf7-submit\" \/><\/div>\n<\/div>\n<\/div>\n<div class=\"wpcf7-response-output\" aria-hidden=\"true\"><\/div><\/form><\/div><\/div><div class=\"bt_bb_column_highlight\"><\/div><\/div><\/div><div  class=\"bt_bb_column col-md-3 col-sm-6 col-ms-12 bt_bb_align_left bt_bb_vertical_align_top bt_bb_padding_normal\"  data-width=\"3\"><div class=\"bt_bb_column_content\"><div class=\"bt_bb_column_highlight\"><\/div><\/div><\/div><\/div><\/div><\/div><\/div><\/div><\/section><section id=\"bt_bb_section69d050009f9c3\"  class=\"bt_bb_section bt_bb_top_spacing_small bt_bb_bottom_spacing_medium bt_bb_layout_boxed_1200 bt_bb_vertical_align_top\" ><div class=\"bt_bb_port\"><div class=\"bt_bb_cell\"><div class=\"bt_bb_cell_inner\"><div class=\"bt_bb_row_wrapper\"><div  class=\"bt_bb_row\" ><div  class=\"bt_bb_column col-md-12 col-ms-12 bt_bb_align_left bt_bb_vertical_align_top bt_bb_animation_fade_in animate bt_bb_padding_normal\"  data-width=\"12\"><div class=\"bt_bb_column_content\"><div class=\"bt_bb_separator bt_bb_top_spacing_normal bt_bb_border_style_none\"><\/div><header class=\"bt_bb_headline bt_bb_font_weight_bolder bt_bb_color_scheme_4 bt_bb_dash_none bt_bb_size_extralarge bt_bb_subheadline bt_bb_align_center bt_bb_dash_type_none\" style=\";color:#0068a5;border-color:#0068a5;\"><h2><span class=\"bt_bb_headline_content\"><span>Blog Imunize Cl\u00ednica de Vacina\u00e7\u00e3o<\/span><\/span><\/h2><div class=\"bt_bb_headline_subheadline\">Novidades, not\u00edcias e dicas sobre vacina\u00e7\u00e3o<\/div><\/header><div class=\"bt_bb_column_highlight\"><\/div><\/div><\/div><\/div><\/div><\/div><\/div><\/div><\/section><section id=\"bt_bb_section69d050009fb66\"  class=\"bt_bb_section bt_bb_top_spacing_small bt_bb_bottom_spacing_medium bt_bb_layout_boxed_1200 bt_bb_vertical_align_top\" ><div class=\"bt_bb_port\"><div class=\"bt_bb_cell\"><div class=\"bt_bb_cell_inner\"><div class=\"bt_bb_row_wrapper\"><div  class=\"bt_bb_row bt_bb_column_gap_extra_small\" ><div  class=\"bt_bb_column col-md-3 col-sm-6 col-ms-12 bt_bb_align_left bt_bb_vertical_align_top bt_bb_animation_fade_in animate bt_bb_padding_normal\"  data-width=\"3\"><div class=\"bt_bb_column_content\"><div class=\"bt_bb_column_highlight\"><\/div><\/div><\/div><div  class=\"bt_bb_column col-md-6 col-sm-12 bt_bb_align_left bt_bb_vertical_align_top bt_bb_padding_normal\"  data-width=\"6\"><div class=\"bt_bb_column_content\"><div class=\"bt_bb_masonry_post_grid bt_bb_grid_container bt_bb_columns_2 bt_bb_gap_large bt_bb_look_image_above bt_bb_date_design_rounded bt_bb_show_read_more_show_share\" data-columns=\"2\"><div class=\"bt_bb_masonry_post_post_grid_content bt_bb_masonry_post_grid_content bt_bb_grid_hide\" data-bt-nonce=\"c0fb4c954a\" data-number=\"2\" data-category=\"\" data-show=\"a%3A7%3A%7Bs%3A8%3A%22category%22%3Bb%3A0%3Bs%3A4%3A%22date%22%3Bb%3A0%3Bs%3A6%3A%22author%22%3Bb%3A1%3Bs%3A8%3A%22comments%22%3Bb%3A1%3Bs%3A7%3A%22excerpt%22%3Bb%3A0%3Bs%3A5%3A%22share%22%3Bb%3A1%3Bs%3A9%3A%22read_more%22%3Bb%3A1%3B%7D\" data-auto-loading=\"\" data-date-design=\"rounded\"  data-target=\"_self\"><div class=\"bt_bb_grid_sizer\"><\/div><\/div><div class=\"bt_bb_post_grid_loader\"><span class=\"box1\"><\/span><span class=\"box2\"><\/span><span class=\"box3\"><\/span><span class=\"box4\"><\/span><span class=\"box5\"><\/span><\/div><\/div><div class=\"bt_bb_column_highlight\"><\/div><\/div><\/div><div  class=\"bt_bb_column col-md-3 col-sm-6 col-ms-12 bt_bb_align_left bt_bb_vertical_align_top bt_bb_padding_normal\"  data-width=\"3\"><div class=\"bt_bb_column_content\"><div class=\"bt_bb_column_highlight\"><\/div><\/div><\/div><\/div><\/div><\/div><\/div><\/div><\/section><\/div>","protected":false},"excerpt":{"rendered":"","protected":false},"author":1,"featured_media":1586,"parent":0,"menu_order":0,"comment_status":"closed","ping_status":"closed","template":"","meta":[],"_links":{"self":[{"href":"https:\/\/imunize.com.br\/index.php?rest_route=\/wp\/v2\/pages\/1581"}],"collection":[{"href":"https:\/\/imunize.com.br\/index.php?rest_route=\/wp\/v2\/pages"}],"about":[{"href":"https:\/\/imunize.com.br\/index.php?rest_route=\/wp\/v2\/types\/page"}],"author":[{"embeddable":true,"href":"https:\/\/imunize.com.br\/index.php?rest_route=\/wp\/v2\/users\/1"}],"replies":[{"embeddable":true,"href":"https:\/\/imunize.com.br\/index.php?rest_route=%2Fwp%2Fv2%2Fcomments&post=1581"}],"version-history":[{"count":11,"href":"https:\/\/imunize.com.br\/index.php?rest_route=\/wp\/v2\/pages\/1581\/revisions"}],"predecessor-version":[{"id":1949,"href":"https:\/\/imunize.com.br\/index.php?rest_route=\/wp\/v2\/pages\/1581\/revisions\/1949"}],"wp:featuredmedia":[{"embeddable":true,"href":"https:\/\/imunize.com.br\/index.php?rest_route=\/wp\/v2\/media\/1586"}],"wp:attachment":[{"href":"https:\/\/imunize.com.br\/index.php?rest_route=%2Fwp%2Fv2%2Fmedia&parent=1581"}],"curies":[{"name":"wp","href":"https:\/\/api.w.org\/{rel}","templated":true}]}}