{"id":1591,"date":"2020-11-15T19:02:29","date_gmt":"2020-11-15T19:02:29","guid":{"rendered":"https:\/\/imunize.com.br\/?page_id=1591"},"modified":"2022-01-11T20:28:54","modified_gmt":"2022-01-11T23:28:54","slug":"vacinacao-em-empresas","status":"publish","type":"page","link":"https:\/\/imunize.com.br\/?page_id=1591","title":{"rendered":"Vacina\u00e7\u00e3o em empresas"},"content":{"rendered":"<div class=\"bt_bb_wrapper\"><section id=\"bt_bb_section69d04fc9ac646\"  class=\"bt_bb_section bt_bb_layout_wide bt_bb_vertical_align_top\" ><div class=\"bt_bb_port\"><div class=\"bt_bb_cell\"><div class=\"bt_bb_cell_inner\"><div class=\"bt_bb_row_wrapper\"><div  class=\"bt_bb_row\" ><div  class=\"bt_bb_column col-md-12 col-ms-12 bt_bb_align_left bt_bb_vertical_align_top bt_bb_padding_normal\"  data-width=\"12\"><div class=\"bt_bb_column_content\"><div class=\"bt_bb_content_slider bt_bb_content_slider_15977 bt_bb_gap_no_gap bt_bb_arrows_size_large bt_bb_arrows_style_transparent_light bt_bb_show_dots_bottom bt_bb_dots_style_accent_dot bt_bb_show_paging_as_dots bt_bb_height_full_screen bt_bb_animation_slide\"><div class=\"slick-slider\"  data-slick='{ \"lazyLoad\": \"progressive\", \"cssEase\": \"ease-out\", \"speed\": \"600\", \"prevArrow\": \"&lt;button type=\\\"button\\\" class=\\\"slick-prev\\\"&gt;\", \"nextArrow\": \"&lt;button type=\\\"button\\\" class=\\\"slick-next\\\"&gt;\", \"adaptiveHeight\": true, \"dots\": true,\"autoplay\": true, \"autoplaySpeed\": 4000}' ><div class=\"bt_bb_content_slider_item\" style=\"background-position: center 0;;background-image:url(https:\/\/imunize.com.br\/wp-content\/uploads\/2020\/11\/empresas-min-2048x1048.png)\"><div class=\"bt_bb_content_slider_item_content content\"><div  class=\"bt_bb_row_inner\" ><div  class=\"bt_bb_column_inner col-md-12 col-ms-12 bt_bb_align_left bt_bb_vertical_align_top bt_bb_animation_fade_in move_up animate bt_bb_padding_normal\"  data-width=\"12\"><div class=\"bt_bb_column_inner_content\"><div class=\"bt_bb_separator bt_bb_top_spacing_extra_large bt_bb_border_style_none\"><\/div><div class=\"bt_bb_separator bt_bb_top_spacing_extra_large bt_bb_border_style_none\"><\/div><div class=\"bt_bb_separator bt_bb_top_spacing_extra_large bt_bb_border_style_none\"><\/div><header class=\"bt_bb_headline bt_bb_font_weight_bold bt_bb_color_scheme_11 bt_bb_dash_none bt_bb_size_extralarge bt_bb_subheadline bt_bb_align_inherit bt_bb_dash_type_none\"><h2 style=\"font-size:5.625em\"><span class=\"bt_bb_headline_content\"><span><s>Vacina\u00e7\u00e3o em empresas <\/s><br \/>\r\n<\/span><\/span><\/h2><div class=\"bt_bb_headline_subheadline\">A Imunize oferece Programas de Vacina\u00e7\u00e3o em empresas e grupos corporativos.<br \/>\r\nImunize Cl\u00ednica de Vacinas \u00e9 especializado em vacina\u00e7\u00e3o corporativa em empresas,<br \/>\r\nescolas, clubes e outros grupos.<br \/>\r\n<br \/>\r\nSeguimos Protocolos Operacionais Padr\u00e3o (POP) para atendimento extramuro.<\/div><\/header><div class=\"bt_bb_separator bt_bb_top_spacing_extra_small bt_bb_bottom_spacing_normal bt_bb_border_style_none\"><\/div><div class=\"bt_bb_separator bt_bb_top_spacing_extra_small bt_bb_bottom_spacing_normal bt_bb_border_style_none\"><\/div><div class=\"bt_bb_separator bt_bb_top_spacing_extra_large bt_bb_bottom_spacing_extra_large bt_bb_border_style_none\"><\/div><div class=\"bt_bb_column_inner_highlight\"><\/div><\/div><\/div><\/div><\/div><\/div><\/div><\/div><div class=\"bt_bb_column_highlight\"><\/div><\/div><\/div><\/div><\/div><\/div><\/div><\/div><\/section><section id=\"bt_bb_section69d04fc9ad4ce\"  class=\"bt_bb_section bt_bb_top_spacing_extra_large bt_bb_bottom_spacing_small bt_bb_layout_boxed_1200 bt_bb_vertical_align_top\" ><div class=\"bt_bb_port\"><div class=\"bt_bb_cell\"><div class=\"bt_bb_cell_inner\"><div class=\"bt_bb_row_wrapper\"><div  class=\"bt_bb_row\" ><div  class=\"bt_bb_column col-md-12 col-ms-12 bt_bb_align_left bt_bb_vertical_align_top bt_bb_animation_fade_in animate bt_bb_padding_normal\"  data-width=\"12\"><div class=\"bt_bb_column_content\"><header class=\"bt_bb_headline bt_bb_font_weight_bolder bt_bb_color_scheme_4 bt_bb_dash_none bt_bb_size_extralarge bt_bb_subheadline bt_bb_align_center bt_bb_dash_type_none\" style=\";color:#0068a5;border-color:#0068a5;\"><h2><span class=\"bt_bb_headline_content\"><span>Benef\u00edcios das campanhas<br \/>\r\nde vacina\u00e7\u00e3o em empresas<\/span><\/span><\/h2><div class=\"bt_bb_headline_subheadline\">Programe campanhas de vacina\u00e7\u00e3o na sua empresa!<\/div><\/header><div class=\"bt_bb_column_highlight\"><\/div><\/div><\/div><\/div><\/div><\/div><\/div><\/div><\/section><section id=\"bt_bb_section69d04fc9ad6c9\"  class=\"bt_bb_section bt_bb_bottom_spacing_medium bt_bb_layout_boxed_1200 bt_bb_vertical_align_top\" ><div class=\"bt_bb_port\"><div class=\"bt_bb_cell\"><div class=\"bt_bb_cell_inner\"><div class=\"bt_bb_row_wrapper\"><div  class=\"bt_bb_row\" ><div  class=\"bt_bb_column col-md-3 col-sm-6 col-ms-12 bt_bb_align_left bt_bb_vertical_align_top bt_bb_animation_fade_in animate bt_bb_padding_normal\"  data-width=\"3\"><div class=\"bt_bb_column_content\"><div class=\"bt_bb_column_highlight\"><\/div><\/div><\/div><div  class=\"bt_bb_column col-md-6 col-sm-12 bt_bb_align_left bt_bb_vertical_align_top bt_bb_padding_normal\"  data-width=\"6\"><div class=\"bt_bb_column_content\"><div  class=\"bt_bb_text\" ><ul>\n<li>Redu\u00e7\u00e3o da morbidade e da mortalidade.<\/li>\n<li>Redu\u00e7\u00e3o do absente\u00edsmo (falta ao trabalho) e presente\u00edsmo (funcion\u00e1rio no trabalho com baixa produtividade).<\/li>\n<li>Aumento da produtividade decorrente do benef\u00edcio oferecido e do bem-estar no ambiente de trabalho.<\/li>\n<li>Menor propaga\u00e7\u00e3o de v\u00edrus e bact\u00e9rias.<\/li>\n<li>Baixo investimento face ao custo da aus\u00eancia do funcion\u00e1rio e ao custo com planos de sa\u00fade para tratamento de doen\u00e7as n\u00e3o prevenidas.<\/li>\n<\/ul>\n<p><strong>Estudos apoiados pela Organiza\u00e7\u00e3o Mundial de Sa\u00fade (OMS) demonstram que para cada d\u00f3lar gasto em preven\u00e7\u00e3o h\u00e1 uma economia de sessenta d\u00f3lares gastos em tratamento.<\/strong><\/p>\n<\/div><div class=\"bt_bb_column_highlight\"><\/div><\/div><\/div><div  class=\"bt_bb_column col-md-3 col-sm-6 col-ms-12 bt_bb_align_left bt_bb_vertical_align_top bt_bb_padding_normal\"  data-width=\"3\"><div class=\"bt_bb_column_content\"><div class=\"bt_bb_column_highlight\"><\/div><\/div><\/div><\/div><\/div><\/div><\/div><\/div><\/section><section id=\"bt_bb_section69d04fc9adc2c\"  class=\"bt_bb_section bt_bb_top_spacing_extra_small bt_bb_bottom_spacing_medium bt_bb_layout_boxed_1200 bt_bb_vertical_align_top\" ><div class=\"bt_bb_port\"><div class=\"bt_bb_cell\"><div class=\"bt_bb_cell_inner\"><div class=\"bt_bb_row_wrapper\"><div  class=\"bt_bb_row\" ><div  class=\"bt_bb_column col-md-12 col-ms-12 bt_bb_align_left bt_bb_vertical_align_top bt_bb_animation_fade_in animate bt_bb_padding_normal\"  data-width=\"12\"><div class=\"bt_bb_column_content\"><header class=\"bt_bb_headline bt_bb_font_weight_bolder bt_bb_color_scheme_4 bt_bb_dash_none bt_bb_size_extralarge bt_bb_subheadline bt_bb_align_center bt_bb_dash_type_none\" style=\";color:#0068a5;border-color:#0068a5;\"><h2><span class=\"bt_bb_headline_content\"><span>Saiba como funciona \u00e0<br \/>\r\nvacina\u00e7\u00e3o em empresas<\/span><\/span><\/h2><div class=\"bt_bb_headline_subheadline\">Vacina\u00e7\u00e3o de qualidade e seguran\u00e7a<\/div><\/header><div class=\"bt_bb_separator bt_bb_top_spacing_normal bt_bb_border_style_none\"><\/div><div class=\"bt_bb_column_highlight\"><\/div><\/div><\/div><\/div><\/div><div class=\"bt_bb_row_wrapper\"><div  class=\"bt_bb_row\" ><div  class=\"bt_bb_column col-md-3 col-sm-6 col-ms-12 bt_bb_align_left bt_bb_vertical_align_top bt_bb_animation_fade_in animate bt_bb_padding_normal\"  data-width=\"3\"><div class=\"bt_bb_column_content\"><div class=\"bt_bb_column_highlight\"><\/div><\/div><\/div><div  class=\"bt_bb_column col-md-3 col-sm-6 col-ms-12 bt_bb_align_left bt_bb_vertical_align_top bt_bb_padding_normal\"  data-width=\"3\"><div class=\"bt_bb_column_content\"><div class=\"bt_bb_image bt_bb_shape_square bt_bb_align_inherit bt_bb_hover_style_simple bt_bb_content_display_always bt_bb_content_align_middle\"><span><img src = \"https:\/\/imunize.com.br\/wp-content\/plugins\/bold-page-builder\/img\/blank.gif\" data-full_image_src=\"https:\/\/imunize.com.br\/wp-content\/uploads\/2020\/11\/apresentacao-empresas.png\" data-image_src=\"https:\/\/imunize.com.br\/wp-content\/uploads\/2020\/11\/apresentacao-empresas-640x905.png\" title=\"apresentacao-empresas\" alt=\"https:\/\/imunize.com.br\/wp-content\/uploads\/2020\/11\/apresentacao-empresas-640x905.png\" class=\"btLazyLoadImage\"><\/span><\/div><div class=\"bt_bb_column_highlight\"><\/div><\/div><\/div><div  class=\"bt_bb_column col-md-3 col-sm-6 col-ms-12 bt_bb_align_left bt_bb_vertical_align_top bt_bb_padding_normal\"  data-width=\"3\"><div class=\"bt_bb_column_content\"><div class=\"bt_bb_separator bt_bb_top_spacing_normal bt_bb_border_style_none\"><\/div><header class=\"bt_bb_headline bt_bb_font_weight_bolder bt_bb_color_scheme_4 bt_bb_dash_none bt_bb_size_extrahuge bt_bb_subheadline bt_bb_align_left bt_bb_dash_type_none\" style=\";color:#0068a5;border-color:#0068a5;\"><div class=\"bt_bb_headline_subheadline\">Clique no bot\u00e3o para baixar os planos de vacina\u00e7\u00e3o.<\/div><\/header><div class=\"bt_bb_separator bt_bb_top_spacing_normal bt_bb_border_style_none\"><\/div><div class=\"bt_bb_button bt_bb_icon_position_left bt_bb_color_scheme_17 bt_bb_style_outline bt_bb_size_small bt_bb_width_inline bt_bb_shape_inherit bt_bb_align_inherit\"><a href=\"http:\/\/imunize.com.br\/wp-content\/uploads\/2020\/11\/apresentacao-empresas.pdf\" target=\"_blank\" class=\"bt_bb_link\" title=\"Baixar Plano\"><span class=\"bt_bb_button_text\">Baixar Plano<\/span><span  data-ico-fontawesome5solid=\"&#xf381;\" class=\"bt_bb_icon_holder\"><\/span><\/a><\/div><div class=\"bt_bb_column_highlight\"><\/div><\/div><\/div><div  class=\"bt_bb_column col-md-3 col-sm-6 col-ms-12 bt_bb_align_left bt_bb_vertical_align_top bt_bb_padding_normal\"  data-width=\"3\"><div class=\"bt_bb_column_content\"><div class=\"bt_bb_column_highlight\"><\/div><\/div><\/div><\/div><\/div><\/div><\/div><\/div><\/section><section id=\"bt_bb_section69d04fc9ae7a3\"  class=\"bt_bb_section bt_bb_top_spacing_small bt_bb_bottom_spacing_medium bt_bb_layout_boxed_1200 bt_bb_vertical_align_top\" ><div class=\"bt_bb_port\"><div class=\"bt_bb_cell\"><div class=\"bt_bb_cell_inner\"><div class=\"bt_bb_row_wrapper\"><div  class=\"bt_bb_row\" ><div  class=\"bt_bb_column col-md-12 col-ms-12 bt_bb_align_left bt_bb_vertical_align_top bt_bb_animation_fade_in animate bt_bb_padding_normal\"  data-width=\"12\"><div class=\"bt_bb_column_content\"><header class=\"bt_bb_headline bt_bb_font_weight_bolder bt_bb_color_scheme_4 bt_bb_dash_none bt_bb_size_extralarge bt_bb_superheadline bt_bb_align_center bt_bb_dash_type_none\" style=\";color:#0068a5;border-color:#0068a5;\"><h2><span class=\"bt_bb_headline_superheadline\">Ao contratar vacina\u00e7\u00e3o na sua empresa exija seguran\u00e7a!<\/span><span class=\"bt_bb_headline_content\"><span>Solicite uma proposta<br \/>\r\npara sua empresa<\/span><\/span><\/h2><\/header><div class=\"bt_bb_separator bt_bb_top_spacing_extra_small bt_bb_border_style_none\"><\/div><div  class=\"bt_bb_text\" ><p style=\"text-align: center;\">Oferecemos condi\u00e7\u00f5es comerciais diferenciadas para a vacina\u00e7\u00e3o de grandes grupos.<\/p>\n<\/div><div class=\"bt_bb_column_highlight\"><\/div><\/div><\/div><\/div><\/div><\/div><\/div><\/div><\/section><section id=\"bt_bb_section69d04fc9aea5c\"  class=\"bt_bb_section bt_bb_top_spacing_extra_small bt_bb_bottom_spacing_medium bt_bb_layout_boxed_1200 bt_bb_vertical_align_top\" ><div class=\"bt_bb_port\"><div class=\"bt_bb_cell\"><div class=\"bt_bb_cell_inner\"><div class=\"bt_bb_row_wrapper\"><div  class=\"bt_bb_row\" ><div  class=\"bt_bb_column col-md-3 col-sm-6 col-ms-12 bt_bb_align_left bt_bb_vertical_align_top bt_bb_animation_fade_in animate bt_bb_padding_normal\"  data-width=\"3\"><div class=\"bt_bb_column_content\"><div class=\"bt_bb_column_highlight\"><\/div><\/div><\/div><div  class=\"bt_bb_column col-md-6 col-sm-12 bt_bb_align_left bt_bb_vertical_align_top bt_bb_padding_normal\"  data-width=\"6\"><div class=\"bt_bb_column_content\"><div class=\"bt_bb_contact_form_7\"><div role=\"form\" class=\"wpcf7\" id=\"wpcf7-f1600-o1\" lang=\"en-US\" dir=\"ltr\">\n<div class=\"screen-reader-response\"><p role=\"status\" aria-live=\"polite\" aria-atomic=\"true\"><\/p> <ul><\/ul><\/div>\n<form action=\"\/index.php?rest_route=%2Fwp%2Fv2%2Fpages%2F1591#wpcf7-f1600-o1\" method=\"post\" class=\"wpcf7-form init\" novalidate=\"novalidate\" data-status=\"init\">\n<div style=\"display: none;\">\n<input type=\"hidden\" name=\"_wpcf7\" value=\"1600\" \/>\n<input type=\"hidden\" name=\"_wpcf7_version\" value=\"5.3.2\" \/>\n<input type=\"hidden\" name=\"_wpcf7_locale\" value=\"en_US\" \/>\n<input type=\"hidden\" name=\"_wpcf7_unit_tag\" value=\"wpcf7-f1600-o1\" \/>\n<input type=\"hidden\" name=\"_wpcf7_container_post\" value=\"0\" \/>\n<input type=\"hidden\" name=\"_wpcf7_posted_data_hash\" value=\"\" \/>\n<\/div>\n<div class=\"bt_bb_cf7_form\">\n<div class=\"bt_bb_cf7_row\">\n<div class=\"bt_bb_cf7_element\"><span class=\"wpcf7-form-control-wrap your-name\"><input type=\"text\" name=\"your-name\" value=\"\" size=\"40\" class=\"wpcf7-form-control wpcf7-text wpcf7-validates-as-required\" aria-required=\"true\" aria-invalid=\"false\" placeholder=\"Seu nome *\" \/><\/span><\/div>\n<\/div>\n<div class=\"bt_bb_cf7_row\">\n<div class=\"bt_bb_cf7_element\"><span class=\"wpcf7-form-control-wrap your-email\"><input type=\"email\" name=\"your-email\" value=\"\" size=\"40\" class=\"wpcf7-form-control wpcf7-text wpcf7-email wpcf7-validates-as-required wpcf7-validates-as-email\" aria-required=\"true\" aria-invalid=\"false\" placeholder=\"Seu Email *\" \/><\/span><\/div>\n<\/div>\n<div class=\"bt_bb_cf7_row\">\n<div class=\"bt_bb_cf7_element\"><span class=\"wpcf7-form-control-wrap tel-621\"><input type=\"tel\" name=\"tel-621\" value=\"\" size=\"40\" class=\"wpcf7-form-control wpcf7-text wpcf7-tel wpcf7-validates-as-required wpcf7-validates-as-tel\" aria-required=\"true\" aria-invalid=\"false\" placeholder=\"Telefone*\" \/><\/span><\/div>\n<\/div>\n<div class=\"bt_bb_cf7_row\">\n<div class=\"bt_bb_cf7_element\"><span class=\"wpcf7-form-control-wrap menu-974\"><select name=\"menu-974\" class=\"wpcf7-form-control wpcf7-select\" aria-invalid=\"false\"><option value=\"Escolha uma op\u00e7\u00e3o:\">Escolha uma op\u00e7\u00e3o:<\/option><option value=\"Programas de vacina\u00e7\u00e3o Empresarial\">Programas de vacina\u00e7\u00e3o Empresarial<\/option><option value=\"Campanha de vacina\u00e7\u00e3o de gripe (anual)\">Campanha de vacina\u00e7\u00e3o de gripe (anual)<\/option><option value=\"Outras campanhas de vacina\u00e7\u00e3o\">Outras campanhas de vacina\u00e7\u00e3o<\/option><option value=\"Vacinas do calend\u00e1rio ocupacional\">Vacinas do calend\u00e1rio ocupacional<\/option><\/select><\/span><\/div>\n<\/div>\n<div class=\"bt_bb_cf7_row\">\n<div class=\"bt_bb_cf7_element\"><span class=\"wpcf7-form-control-wrap appointment-date\"><input type=\"date\" name=\"appointment-date\" value=\"\" class=\"wpcf7-form-control wpcf7-date wpcf7-validates-as-required wpcf7-validates-as-date\" aria-required=\"true\" aria-invalid=\"false\" placeholder=\"Selecione uma data para o atendimento: *\" \/><\/span><\/div>\n<\/div>\n<div class=\"bt_bb_cf7_row\">\n<div class=\"bt_bb_cf7_element\"><span class=\"wpcf7-form-control-wrap your-message\"><textarea name=\"your-message\" cols=\"40\" rows=\"3\" class=\"wpcf7-form-control wpcf7-textarea\" aria-invalid=\"false\" placeholder=\"Sua mensagem\"><\/textarea><\/span><\/div>\n<\/div>\n<div class=\"bt_bb_cf7_row\">\n<div class=\"bt_bb_cf7_button bt_bb_cf7_element\"><input type=\"submit\" value=\"Agendar consulta\" class=\"wpcf7-form-control wpcf7-submit\" \/><\/div>\n<\/div>\n<\/div>\n<div class=\"wpcf7-response-output\" aria-hidden=\"true\"><\/div><\/form><\/div><\/div><div class=\"bt_bb_column_highlight\"><\/div><\/div><\/div><div  class=\"bt_bb_column col-md-3 col-sm-6 col-ms-12 bt_bb_align_left bt_bb_vertical_align_top bt_bb_padding_normal\"  data-width=\"3\"><div class=\"bt_bb_column_content\"><div class=\"bt_bb_column_highlight\"><\/div><\/div><\/div><\/div><\/div><\/div><\/div><\/div><\/section><section id=\"bt_bb_section69d04fc9af602\"  class=\"bt_bb_section bt_bb_top_spacing_small bt_bb_bottom_spacing_medium bt_bb_layout_boxed_1200 bt_bb_vertical_align_top\" ><div class=\"bt_bb_port\"><div class=\"bt_bb_cell\"><div class=\"bt_bb_cell_inner\"><div class=\"bt_bb_row_wrapper\"><div  class=\"bt_bb_row\" ><div  class=\"bt_bb_column col-md-12 col-ms-12 bt_bb_align_left bt_bb_vertical_align_top bt_bb_animation_fade_in animate bt_bb_padding_normal\"  data-width=\"12\"><div class=\"bt_bb_column_content\"><div class=\"bt_bb_separator bt_bb_top_spacing_normal bt_bb_border_style_none\"><\/div><header class=\"bt_bb_headline bt_bb_font_weight_bolder bt_bb_color_scheme_4 bt_bb_dash_none bt_bb_size_extralarge bt_bb_subheadline bt_bb_align_center bt_bb_dash_type_none\" style=\";color:#0068a5;border-color:#0068a5;\"><h2><span class=\"bt_bb_headline_content\"><span>Blog Imunize Cl\u00ednica de Vacina\u00e7\u00e3o<\/span><\/span><\/h2><div class=\"bt_bb_headline_subheadline\">Novidades, not\u00edcias e dicas sobre vacina\u00e7\u00e3o<\/div><\/header><div class=\"bt_bb_column_highlight\"><\/div><\/div><\/div><\/div><\/div><\/div><\/div><\/div><\/section><section id=\"bt_bb_section69d04fc9af84d\"  class=\"bt_bb_section bt_bb_top_spacing_small bt_bb_bottom_spacing_medium bt_bb_layout_boxed_1200 bt_bb_vertical_align_top\" ><div class=\"bt_bb_port\"><div class=\"bt_bb_cell\"><div class=\"bt_bb_cell_inner\"><div class=\"bt_bb_row_wrapper\"><div  class=\"bt_bb_row bt_bb_column_gap_extra_small\" ><div  class=\"bt_bb_column col-md-3 col-sm-6 col-ms-12 bt_bb_align_left bt_bb_vertical_align_top bt_bb_animation_fade_in animate bt_bb_padding_normal\"  data-width=\"3\"><div class=\"bt_bb_column_content\"><div class=\"bt_bb_column_highlight\"><\/div><\/div><\/div><div  class=\"bt_bb_column col-md-6 col-sm-12 bt_bb_align_left bt_bb_vertical_align_top bt_bb_padding_normal\"  data-width=\"6\"><div class=\"bt_bb_column_content\"><div class=\"bt_bb_masonry_post_grid bt_bb_grid_container bt_bb_columns_2 bt_bb_gap_large bt_bb_look_image_above bt_bb_date_design_rounded bt_bb_show_read_more_show_share\" data-columns=\"2\"><div class=\"bt_bb_masonry_post_post_grid_content bt_bb_masonry_post_grid_content bt_bb_grid_hide\" data-bt-nonce=\"c0fb4c954a\" data-number=\"2\" data-category=\"\" data-show=\"a%3A7%3A%7Bs%3A8%3A%22category%22%3Bb%3A0%3Bs%3A4%3A%22date%22%3Bb%3A0%3Bs%3A6%3A%22author%22%3Bb%3A1%3Bs%3A8%3A%22comments%22%3Bb%3A1%3Bs%3A7%3A%22excerpt%22%3Bb%3A0%3Bs%3A5%3A%22share%22%3Bb%3A1%3Bs%3A9%3A%22read_more%22%3Bb%3A1%3B%7D\" data-auto-loading=\"\" data-date-design=\"rounded\"  data-target=\"_self\"><div class=\"bt_bb_grid_sizer\"><\/div><\/div><div class=\"bt_bb_post_grid_loader\"><span class=\"box1\"><\/span><span class=\"box2\"><\/span><span class=\"box3\"><\/span><span class=\"box4\"><\/span><span class=\"box5\"><\/span><\/div><\/div><div class=\"bt_bb_column_highlight\"><\/div><\/div><\/div><div  class=\"bt_bb_column col-md-3 col-sm-6 col-ms-12 bt_bb_align_left bt_bb_vertical_align_top bt_bb_padding_normal\"  data-width=\"3\"><div class=\"bt_bb_column_content\"><div class=\"bt_bb_column_highlight\"><\/div><\/div><\/div><\/div><\/div><\/div><\/div><\/div><\/section><\/div>","protected":false},"excerpt":{"rendered":"","protected":false},"author":1,"featured_media":1598,"parent":0,"menu_order":0,"comment_status":"closed","ping_status":"closed","template":"","meta":[],"_links":{"self":[{"href":"https:\/\/imunize.com.br\/index.php?rest_route=\/wp\/v2\/pages\/1591"}],"collection":[{"href":"https:\/\/imunize.com.br\/index.php?rest_route=\/wp\/v2\/pages"}],"about":[{"href":"https:\/\/imunize.com.br\/index.php?rest_route=\/wp\/v2\/types\/page"}],"author":[{"embeddable":true,"href":"https:\/\/imunize.com.br\/index.php?rest_route=\/wp\/v2\/users\/1"}],"replies":[{"embeddable":true,"href":"https:\/\/imunize.com.br\/index.php?rest_route=%2Fwp%2Fv2%2Fcomments&post=1591"}],"version-history":[{"count":36,"href":"https:\/\/imunize.com.br\/index.php?rest_route=\/wp\/v2\/pages\/1591\/revisions"}],"predecessor-version":[{"id":1950,"href":"https:\/\/imunize.com.br\/index.php?rest_route=\/wp\/v2\/pages\/1591\/revisions\/1950"}],"wp:featuredmedia":[{"embeddable":true,"href":"https:\/\/imunize.com.br\/index.php?rest_route=\/wp\/v2\/media\/1598"}],"wp:attachment":[{"href":"https:\/\/imunize.com.br\/index.php?rest_route=%2Fwp%2Fv2%2Fmedia&parent=1591"}],"curies":[{"name":"wp","href":"https:\/\/api.w.org\/{rel}","templated":true}]}}