{"id":1752,"date":"2020-11-18T20:13:49","date_gmt":"2020-11-18T23:13:49","guid":{"rendered":"https:\/\/imunize.com.br\/?page_id=1752"},"modified":"2022-01-11T20:30:17","modified_gmt":"2022-01-11T23:30:17","slug":"calendarios","status":"publish","type":"page","link":"https:\/\/imunize.com.br\/?page_id=1752","title":{"rendered":"Calend\u00e1rios de Vacina\u00e7\u00e3o"},"content":{"rendered":"<div class=\"bt_bb_wrapper\"><section id=\"bt_bb_section69d04fefccbcb\"  class=\"bt_bb_section bt_bb_layout_wide bt_bb_vertical_align_top\" style=\";background-color:#ffffff;\"><div class=\"bt_bb_port\"><div class=\"bt_bb_cell\"><div class=\"bt_bb_cell_inner\"><div class=\"bt_bb_row_wrapper\"><div  class=\"bt_bb_row\" ><div  class=\"bt_bb_column col-md-12 col-ms-12 bt_bb_align_left bt_bb_vertical_align_top bt_bb_padding_normal\"  data-width=\"12\"><div class=\"bt_bb_column_content\"><div class=\"bt_bb_content_slider bt_bb_content_slider_57390 bt_bb_gap_no_gap bt_bb_arrows_size_large bt_bb_arrows_style_transparent_light bt_bb_show_dots_bottom bt_bb_dots_style_accent_dot bt_bb_show_paging_as_dots bt_bb_height_full_screen bt_bb_animation_slide\"><div class=\"slick-slider\"  data-slick='{ \"lazyLoad\": \"progressive\", \"cssEase\": \"ease-out\", \"speed\": \"600\", \"prevArrow\": \"&lt;button type=\\\"button\\\" class=\\\"slick-prev\\\"&gt;\", \"nextArrow\": \"&lt;button type=\\\"button\\\" class=\\\"slick-next\\\"&gt;\", \"adaptiveHeight\": true, \"dots\": true,\"autoplay\": true, \"autoplaySpeed\": 4000}' ><div class=\"bt_bb_content_slider_item\" style=\"background-position: center 0;;background-image:url(https:\/\/imunize.com.br\/wp-content\/uploads\/2020\/11\/calendario-min.png)\"><div class=\"bt_bb_content_slider_item_content content\"><div  class=\"bt_bb_row_inner\" ><div  class=\"bt_bb_column_inner col-md-12 col-ms-12 bt_bb_align_left bt_bb_vertical_align_top bt_bb_animation_fade_in move_up animate bt_bb_padding_normal\"  data-width=\"12\"><div class=\"bt_bb_column_inner_content\"><div class=\"bt_bb_separator bt_bb_top_spacing_extra_large bt_bb_border_style_none\"><\/div><div class=\"bt_bb_separator bt_bb_top_spacing_extra_large bt_bb_border_style_none\"><\/div><div class=\"bt_bb_separator bt_bb_top_spacing_extra_large bt_bb_border_style_none\"><\/div><header class=\"bt_bb_headline bt_bb_font_weight_bold bt_bb_color_scheme_11 bt_bb_dash_none bt_bb_size_extralarge bt_bb_subheadline bt_bb_align_inherit bt_bb_dash_type_none\"><h2 style=\"font-size:5.625em\"><span class=\"bt_bb_headline_content\"><span><s>Calend\u00e1rios de Vacina\u00e7\u00e3o <\/s><br \/>\r\n<\/span><\/span><\/h2><div class=\"bt_bb_headline_subheadline\">Um conjunto de orienta\u00e7\u00f5es espec\u00edficas para cada faixa et\u00e1ria e<br \/>\r\ntamb\u00e9m visando \u00e0 sa\u00fade do trabalhador exposto a riscos.<br \/>\r\n<br \/>\r\nOs calend\u00e1rios contemplam tamb\u00e9m as vacinas disponibilizadas<br \/>\r\npelo Programa Nacional de Imuniza\u00e7\u00f5es (PNI): <\/div><\/header><div class=\"bt_bb_separator bt_bb_top_spacing_extra_small bt_bb_bottom_spacing_normal bt_bb_border_style_none\"><\/div><div class=\"bt_bb_separator bt_bb_top_spacing_extra_small bt_bb_bottom_spacing_normal bt_bb_border_style_none\"><\/div><div class=\"bt_bb_separator bt_bb_top_spacing_extra_large bt_bb_bottom_spacing_extra_large bt_bb_border_style_none\"><\/div><div class=\"bt_bb_column_inner_highlight\"><\/div><\/div><\/div><\/div><\/div><\/div><\/div><\/div><div class=\"bt_bb_column_highlight\"><\/div><\/div><\/div><\/div><\/div><\/div><\/div><\/div><\/section><section id=\"bt_bb_section69d04fefcd80d\"  class=\"bt_bb_section bt_bb_top_spacing_extra_large bt_bb_bottom_spacing_medium bt_bb_layout_boxed_1200 bt_bb_vertical_align_top\" ><div class=\"bt_bb_port\"><div class=\"bt_bb_cell\"><div class=\"bt_bb_cell_inner\"><div class=\"bt_bb_row_wrapper\"><div  class=\"bt_bb_row\" ><div  class=\"bt_bb_column col-md-12 col-ms-12 bt_bb_align_left bt_bb_vertical_align_top bt_bb_animation_fade_in animate bt_bb_padding_normal\"  data-width=\"12\"><div class=\"bt_bb_column_content\"><header class=\"bt_bb_headline bt_bb_font_weight_bolder bt_bb_color_scheme_4 bt_bb_dash_none bt_bb_size_extralarge bt_bb_subheadline bt_bb_align_center bt_bb_dash_type_none\" style=\";color:#0068a5;border-color:#0068a5;\"><h2><span class=\"bt_bb_headline_content\"><span>Conhe\u00e7a os Calend\u00e1rios<br \/>\r\nde Vacina\u00e7\u00e3o 2021\/2022<\/span><\/span><\/h2><div class=\"bt_bb_headline_subheadline\">Um conjunto de orienta\u00e7\u00f5es espec\u00edficas para cada faixa et\u00e1ria<\/div><\/header><div class=\"bt_bb_separator bt_bb_top_spacing_normal bt_bb_border_style_none\"><\/div><div class=\"bt_bb_column_highlight\"><\/div><\/div><\/div><\/div><\/div><div class=\"bt_bb_row_wrapper\"><div  class=\"bt_bb_row\" ><div  class=\"bt_bb_column col-md-3 col-sm-6 col-ms-12 bt_bb_align_left bt_bb_vertical_align_top bt_bb_animation_fade_in animate bt_bb_padding_normal\"  data-width=\"3\"><div class=\"bt_bb_column_content\"><div class=\"bt_bb_column_highlight\"><\/div><\/div><\/div><div  class=\"bt_bb_column col-md-6 col-sm-12 bt_bb_align_left bt_bb_vertical_align_top bt_bb_padding_normal\"  data-width=\"6\"><div class=\"bt_bb_column_content\"><div class=\"bt_bb_accordion bt_bb_color_scheme_8 bt_bb_style_filled bt_bb_shape_round\"><div class=\"bt_bb_accordion_item\"><div class=\"bt_bb_accordion_item_title\">Calend\u00e1rios SBIm<\/div><div class=\"bt_bb_accordion_item_content\"><div  class=\"bt_bb_text\" >\n<p>Um conjunto de orienta\u00e7\u00f5es espec\u00edficas para cada faixa et\u00e1ria e tamb\u00e9m visando \u00e0 sa\u00fade do trabalhador exposto a riscos.<\/p>\n<p>Os calend\u00e1rios contemplam tamb\u00e9m as vacinas disponibilizadas pelo Programa Nacional de Imuniza\u00e7\u00f5es (PNI):<\/p>\n<ul>\n<li><a title=\"86.92 KB\" href=\"https:\/\/sbim.org.br\/images\/calendarios\/calend-sbim-prematuro.pdf\" target=\"_blank\" rel=\"noopener noreferrer\">Prematuro<\/a><\/li>\n<li><a title=\"151.85 KB\" href=\"https:\/\/sbim.org.br\/images\/calendarios\/calend-sbim-crianca.pdf\" target=\"_blank\" rel=\"noopener noreferrer\">Crian\u00e7a \u2013 0 a &lt;10 anos<\/a><\/li>\n<li><a title=\"83.31 KB\" href=\"https:\/\/sbim.org.br\/images\/calendarios\/calend-sbim-adolescente.pdf\" target=\"_blank\" rel=\"noopener noreferrer\">Adolescente \u2013 10 a 19 anos<\/a><\/li>\n<li><a title=\"75.46 KB\" href=\"https:\/\/sbim.org.br\/images\/calendarios\/calend-sbim-gestante.pdf\" target=\"_blank\" rel=\"noopener noreferrer\">Gestante<\/a><\/li>\n<li><a title=\"79.45 KB\" href=\"https:\/\/sbim.org.br\/images\/calendarios\/calend-sbim-adulto.pdf\" target=\"_blank\" rel=\"noopener noreferrer\">Adulto \u2013 20 a 59 anos<\/a><\/li>\n<li><a title=\"84.6 KB\" href=\"https:\/\/sbim.org.br\/images\/calendarios\/calend-sbim-idoso.pdf\" target=\"_blank\" rel=\"noopener noreferrer\">Idoso \u2013 mais de 60 anos<\/a><\/li>\n<li><a title=\"188.2 KB\" href=\"https:\/\/sbim.org.br\/images\/calendarios\/calend-sbim-ocupacional.pdf\" target=\"_blank\" rel=\"noopener noreferrer\">Ocupacional<\/a><\/li>\n<li><a title=\"572.96 KB\" href=\"https:\/\/sbim.org.br\/images\/calendarios\/calend-sbim-pacientes-especiais-v2.pdf\" target=\"_blank\" rel=\"noopener noreferrer\">Pacientes Especiais<\/a><\/li>\n<li><a title=\"125.08 KB\" href=\"https:\/\/sbim.org.br\/images\/calendarios\/calend-sbim-0-100.pdf\" target=\"_blank\" rel=\"noopener noreferrer\">Calend\u00e1rio \u00fanico: do nascimento \u00e0 terceira idade<\/a><\/li>\n<li><a title=\"59.91 KB\" href=\"https:\/\/sbim.org.br\/images\/calendarios\/calend-pg-crianca-adolesc-0-19.pdf\" target=\"_blank\" rel=\"noopener noreferrer\">Calend\u00e1rio SBIm &#8211; Do nascimento aos 19 anos<\/a><\/li>\n<li><a title=\"47.94 KB\" href=\"https:\/\/sbim.org.br\/images\/calendarios\/calend-pg-adulto-20-ou-mais.pdf\" target=\"_blank\" rel=\"noopener noreferrer\">Calend\u00e1rio SBIm &#8211; Dos 20 anos \u00e0 terceira idade<\/a><\/li>\n<\/ul>\n<\/div>\n<\/div><\/div><div class=\"bt_bb_accordion_item\"><div class=\"bt_bb_accordion_item_title\">Profilaxia da raiva<\/div><div class=\"bt_bb_accordion_item_content\"><div  class=\"bt_bb_text\" >\n<p>\u201cApesar da redu\u00e7\u00e3o na ocorr\u00eancia da raiva nos \u00faltimos anos no Brasil, ela continua sendo um importante problema de sa\u00fade p\u00fablica, especialmente nas regi\u00f5es Norte e Nordeste, pela alt\u00edssima gravidade e alto custo na assist\u00eancia, profilaxia e controle da doen\u00e7a. (\u2026)\u201d<\/p>\n<p><a title=\"62.67 KB\" href=\"https:\/\/sbim.org.br\/images\/files\/Raiva-jan-2015-Silvia-Bardella.pdf\" target=\"_blank\" rel=\"noopener noreferrer\">Leia o texto na \u00edntegra<\/a>.<\/p>\n<p>Acesse\u00a0<a title=\"241.45 KB\" href=\"https:\/\/sbim.org.br\/images\/files\/esquema-de-profilaxia-da-raiva-humana.pdf\" target=\"_blank\" rel=\"noopener noreferrer\">aqui<\/a>\u00a0o esquema de profilaxia do Minist\u00e9rio da Sa\u00fade.<\/p>\n<p><iframe loading=\"lazy\" src=\"https:\/\/www.youtube.com\/embed\/i1ht4Ce4Az4\" width=\"560\" height=\"315\" frameborder=\"0\" allowfullscreen=\"allowfullscreen\"><\/iframe><\/p>\n<\/div>\n<\/div><\/div><div class=\"bt_bb_accordion_item\"><div class=\"bt_bb_accordion_item_title\">Calend\u00e1rio b\u00e1sico de vacina\u00e7\u00e3o (PNI)<\/div><div class=\"bt_bb_accordion_item_content\"><div  class=\"bt_bb_text\" >\n<p>O Calend\u00e1rio B\u00e1sico de Vacina\u00e7\u00e3o brasileiro \u00e9 aquele definido pelo Programa Nacional de Imuniza\u00e7\u00f5es (PNI) e corresponde ao conjunto de vacinas consideradas de interesse priorit\u00e1rio \u00e0 sa\u00fade p\u00fablica do pa\u00eds. Atualmente \u00e9 constitu\u00eddo por 19 vacinas recomendadas \u00e0 popula\u00e7\u00e3o, desde o nascimento at\u00e9 a terceira idade e distribu\u00eddas gratuitamente nos postos de vacina\u00e7\u00e3o da rede p\u00fablica.<\/p>\n<p>Saiba mais\u00a0<a title=\"Calend\u00e1rio B\u00e1sico de Vacina\u00e7\u00e3o\" href=\"http:\/\/www.saude.gov.br\/saude-de-a-z\/vacinacao\/orientacoes-sobre-vacinacao\" target=\"_blank\" rel=\"noopener noreferrer\">aqui<\/a>.<\/p>\n<\/div>\n<\/div><\/div><div class=\"bt_bb_accordion_item\"><div class=\"bt_bb_accordion_item_title\">Vacinas para o viajante<\/div><div class=\"bt_bb_accordion_item_content\"><div  class=\"bt_bb_text\" >\n<dl class=\"article-info muted\">S\u00e3o vacinas obrigat\u00f3rias ou recomendadas pela OMS para aqueles que v\u00e3o para regi\u00f5es e pa\u00edses de todo o mundo.<\/dl>\n<p><a title=\"Vacinas para o viajante\" href=\"http:\/\/www.who.int\/ith\/en\/\" target=\"_blank\" rel=\"noopener noreferrer\">Saiba mais aqui<\/a>.<\/p>\n<\/div>\n<\/div><\/div><\/div><div class=\"bt_bb_column_highlight\"><\/div><\/div><\/div><div  class=\"bt_bb_column col-md-3 col-sm-6 col-ms-12 bt_bb_align_left bt_bb_vertical_align_top bt_bb_padding_normal\"  data-width=\"3\"><div class=\"bt_bb_column_content\"><div class=\"bt_bb_column_highlight\"><\/div><\/div><\/div><\/div><\/div><\/div><\/div><\/div><\/section><section id=\"bt_bb_section69d04fefce0d0\"  class=\"bt_bb_section bt_bb_top_spacing_small bt_bb_bottom_spacing_medium bt_bb_layout_boxed_1200 bt_bb_vertical_align_top\" ><div class=\"bt_bb_port\"><div class=\"bt_bb_cell\"><div class=\"bt_bb_cell_inner\"><div class=\"bt_bb_row_wrapper\"><div  class=\"bt_bb_row\" ><div  class=\"bt_bb_column col-md-12 col-ms-12 bt_bb_align_left bt_bb_vertical_align_top bt_bb_animation_fade_in animate bt_bb_padding_normal\"  data-width=\"12\"><div class=\"bt_bb_column_content\"><header class=\"bt_bb_headline bt_bb_font_weight_bolder bt_bb_color_scheme_4 bt_bb_dash_none bt_bb_size_extralarge bt_bb_superheadline bt_bb_align_center bt_bb_dash_type_none\" style=\";color:#0068a5;border-color:#0068a5;\"><h2><span class=\"bt_bb_headline_superheadline\">Prote\u00e7\u00e3o com qualidade e seguran\u00e7a para toda a fam\u00edlia<\/span><span class=\"bt_bb_headline_content\"><span>Agendamento de<br \/>\r\nvacina\u00e7\u00e3o<\/span><\/span><\/h2><\/header><div class=\"bt_bb_separator bt_bb_top_spacing_extra_small bt_bb_border_style_none\"><\/div><div  class=\"bt_bb_text\" ><p style=\"text-align: center;\">Por favor, note que a data e hora que voc\u00ea solicitou podem n\u00e3o estar dispon\u00edveis.<br \/>\nEntraremos em contato para confirmar seus detalhes reais do compromisso.<\/p>\n<\/div><div class=\"bt_bb_column_highlight\"><\/div><\/div><\/div><\/div><\/div><\/div><\/div><\/div><\/section><section id=\"bt_bb_section69d04fefce372\"  class=\"bt_bb_section bt_bb_top_spacing_extra_small bt_bb_bottom_spacing_medium bt_bb_layout_boxed_1200 bt_bb_vertical_align_top\" ><div class=\"bt_bb_port\"><div class=\"bt_bb_cell\"><div class=\"bt_bb_cell_inner\"><div class=\"bt_bb_row_wrapper\"><div  class=\"bt_bb_row\" ><div  class=\"bt_bb_column col-md-3 col-sm-6 col-ms-12 bt_bb_align_left bt_bb_vertical_align_top bt_bb_animation_fade_in animate bt_bb_padding_normal\"  data-width=\"3\"><div class=\"bt_bb_column_content\"><div class=\"bt_bb_column_highlight\"><\/div><\/div><\/div><div  class=\"bt_bb_column col-md-6 col-sm-12 bt_bb_align_left bt_bb_vertical_align_top bt_bb_padding_normal\"  data-width=\"6\"><div class=\"bt_bb_column_content\"><div class=\"bt_bb_contact_form_7\"><div role=\"form\" class=\"wpcf7\" id=\"wpcf7-f668-o1\" lang=\"en-US\" dir=\"ltr\">\n<div class=\"screen-reader-response\"><p role=\"status\" aria-live=\"polite\" aria-atomic=\"true\"><\/p> <ul><\/ul><\/div>\n<form action=\"\/index.php?rest_route=%2Fwp%2Fv2%2Fpages%2F1752#wpcf7-f668-o1\" method=\"post\" class=\"wpcf7-form init\" novalidate=\"novalidate\" data-status=\"init\">\n<div style=\"display: none;\">\n<input type=\"hidden\" name=\"_wpcf7\" value=\"668\" \/>\n<input type=\"hidden\" name=\"_wpcf7_version\" value=\"5.3.2\" \/>\n<input type=\"hidden\" name=\"_wpcf7_locale\" value=\"en_US\" \/>\n<input type=\"hidden\" name=\"_wpcf7_unit_tag\" value=\"wpcf7-f668-o1\" \/>\n<input type=\"hidden\" name=\"_wpcf7_container_post\" value=\"0\" \/>\n<input type=\"hidden\" name=\"_wpcf7_posted_data_hash\" value=\"\" \/>\n<\/div>\n<div class=\"bt_bb_cf7_form\">\n<div class=\"bt_bb_cf7_row\">\n<div class=\"bt_bb_cf7_element\"><span class=\"wpcf7-form-control-wrap your-name\"><input type=\"text\" name=\"your-name\" value=\"\" size=\"40\" class=\"wpcf7-form-control wpcf7-text wpcf7-validates-as-required\" aria-required=\"true\" aria-invalid=\"false\" placeholder=\"Seu nome *\" \/><\/span><\/div>\n<\/div>\n<div class=\"bt_bb_cf7_row\">\n<div class=\"bt_bb_cf7_element\"><span class=\"wpcf7-form-control-wrap your-email\"><input type=\"email\" name=\"your-email\" value=\"\" size=\"40\" class=\"wpcf7-form-control wpcf7-text wpcf7-email wpcf7-validates-as-required wpcf7-validates-as-email\" aria-required=\"true\" aria-invalid=\"false\" placeholder=\"Seu Email *\" \/><\/span><\/div>\n<\/div>\n<div class=\"bt_bb_cf7_row\">\n<div class=\"bt_bb_cf7_element\"><span class=\"wpcf7-form-control-wrap menu-974\"><select name=\"menu-974\" class=\"wpcf7-form-control wpcf7-select\" aria-invalid=\"false\"><option value=\"Escolha uma op\u00e7\u00e3o:\">Escolha uma op\u00e7\u00e3o:<\/option><option value=\"Vacina\u00e7\u00e3o em Crian\u00e7as\">Vacina\u00e7\u00e3o em Crian\u00e7as<\/option><option value=\"Vacina\u00e7\u00e3o de Adultos\">Vacina\u00e7\u00e3o de Adultos<\/option><option value=\"Atendimento domiciliar, empresarial, hospitalar e escolar\">Atendimento domiciliar, empresarial, hospitalar e escolar<\/option><option value=\"Perfura\u00e7\u00e3o de Orelhas\">Perfura\u00e7\u00e3o de Orelhas<\/option><option value=\"Aplica\u00e7\u00e3o de BCG e Hepatite B na Maternidade\">Aplica\u00e7\u00e3o de BCG e Hepatite B na Maternidade<\/option><\/select><\/span><\/div>\n<\/div>\n<div class=\"bt_bb_cf7_row\">\n<div class=\"bt_bb_cf7_element\"><span class=\"wpcf7-form-control-wrap appointment-date\"><input type=\"date\" name=\"appointment-date\" value=\"\" class=\"wpcf7-form-control wpcf7-date wpcf7-validates-as-required wpcf7-validates-as-date\" aria-required=\"true\" aria-invalid=\"false\" placeholder=\"Selecione uma data para o atendimento: *\" \/><\/span><\/div>\n<\/div>\n<div class=\"bt_bb_cf7_row\">\n<div class=\"bt_bb_cf7_element\"><span class=\"wpcf7-form-control-wrap your-message\"><textarea name=\"your-message\" cols=\"40\" rows=\"3\" class=\"wpcf7-form-control wpcf7-textarea\" aria-invalid=\"false\" placeholder=\"Sua mensagem\"><\/textarea><\/span><\/div>\n<\/div>\n<div class=\"bt_bb_cf7_row\">\n<div class=\"bt_bb_cf7_button bt_bb_cf7_element\"><input type=\"submit\" value=\"Agendar consulta\" class=\"wpcf7-form-control wpcf7-submit\" \/><\/div>\n<\/div>\n<\/div>\n<div class=\"wpcf7-response-output\" aria-hidden=\"true\"><\/div><\/form><\/div><\/div><div class=\"bt_bb_column_highlight\"><\/div><\/div><\/div><div  class=\"bt_bb_column col-md-3 col-sm-6 col-ms-12 bt_bb_align_left bt_bb_vertical_align_top bt_bb_padding_normal\"  data-width=\"3\"><div class=\"bt_bb_column_content\"><div class=\"bt_bb_column_highlight\"><\/div><\/div><\/div><\/div><\/div><\/div><\/div><\/div><\/section><section id=\"bt_bb_section69d04fefceeb4\"  class=\"bt_bb_section bt_bb_top_spacing_small bt_bb_bottom_spacing_medium bt_bb_layout_boxed_1200 bt_bb_vertical_align_top\" ><div class=\"bt_bb_port\"><div class=\"bt_bb_cell\"><div class=\"bt_bb_cell_inner\"><div class=\"bt_bb_row_wrapper\"><div  class=\"bt_bb_row\" ><div  class=\"bt_bb_column col-md-12 col-ms-12 bt_bb_align_left bt_bb_vertical_align_top bt_bb_animation_fade_in animate bt_bb_padding_normal\"  data-width=\"12\"><div class=\"bt_bb_column_content\"><div class=\"bt_bb_separator bt_bb_top_spacing_normal bt_bb_border_style_none\"><\/div><header class=\"bt_bb_headline bt_bb_font_weight_bolder bt_bb_color_scheme_4 bt_bb_dash_none bt_bb_size_extralarge bt_bb_subheadline bt_bb_align_center bt_bb_dash_type_none\" style=\";color:#0068a5;border-color:#0068a5;\"><h2><span class=\"bt_bb_headline_content\"><span>Blog Imunize Cl\u00ednica de Vacina\u00e7\u00e3o<\/span><\/span><\/h2><div class=\"bt_bb_headline_subheadline\">Novidades, not\u00edcias e dicas sobre vacina\u00e7\u00e3o<\/div><\/header><div class=\"bt_bb_column_highlight\"><\/div><\/div><\/div><\/div><\/div><\/div><\/div><\/div><\/section><section id=\"bt_bb_section69d04fefcf03f\"  class=\"bt_bb_section bt_bb_top_spacing_small bt_bb_bottom_spacing_medium bt_bb_layout_boxed_1200 bt_bb_vertical_align_top\" ><div class=\"bt_bb_port\"><div class=\"bt_bb_cell\"><div class=\"bt_bb_cell_inner\"><div class=\"bt_bb_row_wrapper\"><div  class=\"bt_bb_row bt_bb_column_gap_extra_small\" ><div  class=\"bt_bb_column col-md-3 col-sm-6 col-ms-12 bt_bb_align_left bt_bb_vertical_align_top bt_bb_animation_fade_in animate bt_bb_padding_normal\"  data-width=\"3\"><div class=\"bt_bb_column_content\"><div class=\"bt_bb_column_highlight\"><\/div><\/div><\/div><div  class=\"bt_bb_column col-md-6 col-sm-12 bt_bb_align_left bt_bb_vertical_align_top bt_bb_padding_normal\"  data-width=\"6\"><div class=\"bt_bb_column_content\"><div class=\"bt_bb_masonry_post_grid bt_bb_grid_container bt_bb_columns_2 bt_bb_gap_large bt_bb_look_image_above bt_bb_date_design_rounded bt_bb_show_read_more_show_share\" data-columns=\"2\"><div class=\"bt_bb_masonry_post_post_grid_content bt_bb_masonry_post_grid_content bt_bb_grid_hide\" data-bt-nonce=\"c0fb4c954a\" data-number=\"2\" data-category=\"\" data-show=\"a%3A7%3A%7Bs%3A8%3A%22category%22%3Bb%3A0%3Bs%3A4%3A%22date%22%3Bb%3A0%3Bs%3A6%3A%22author%22%3Bb%3A1%3Bs%3A8%3A%22comments%22%3Bb%3A1%3Bs%3A7%3A%22excerpt%22%3Bb%3A0%3Bs%3A5%3A%22share%22%3Bb%3A1%3Bs%3A9%3A%22read_more%22%3Bb%3A1%3B%7D\" data-auto-loading=\"\" data-date-design=\"rounded\"  data-target=\"_self\"><div class=\"bt_bb_grid_sizer\"><\/div><\/div><div class=\"bt_bb_post_grid_loader\"><span class=\"box1\"><\/span><span class=\"box2\"><\/span><span class=\"box3\"><\/span><span class=\"box4\"><\/span><span class=\"box5\"><\/span><\/div><\/div><div class=\"bt_bb_column_highlight\"><\/div><\/div><\/div><div  class=\"bt_bb_column col-md-3 col-sm-6 col-ms-12 bt_bb_align_left bt_bb_vertical_align_top bt_bb_padding_normal\"  data-width=\"3\"><div class=\"bt_bb_column_content\"><div class=\"bt_bb_column_highlight\"><\/div><\/div><\/div><\/div><\/div><\/div><\/div><\/div><\/section><\/div>","protected":false},"excerpt":{"rendered":"","protected":false},"author":1,"featured_media":0,"parent":0,"menu_order":0,"comment_status":"closed","ping_status":"closed","template":"","meta":[],"_links":{"self":[{"href":"https:\/\/imunize.com.br\/index.php?rest_route=\/wp\/v2\/pages\/1752"}],"collection":[{"href":"https:\/\/imunize.com.br\/index.php?rest_route=\/wp\/v2\/pages"}],"about":[{"href":"https:\/\/imunize.com.br\/index.php?rest_route=\/wp\/v2\/types\/page"}],"author":[{"embeddable":true,"href":"https:\/\/imunize.com.br\/index.php?rest_route=\/wp\/v2\/users\/1"}],"replies":[{"embeddable":true,"href":"https:\/\/imunize.com.br\/index.php?rest_route=%2Fwp%2Fv2%2Fcomments&post=1752"}],"version-history":[{"count":29,"href":"https:\/\/imunize.com.br\/index.php?rest_route=\/wp\/v2\/pages\/1752\/revisions"}],"predecessor-version":[{"id":1951,"href":"https:\/\/imunize.com.br\/index.php?rest_route=\/wp\/v2\/pages\/1752\/revisions\/1951"}],"wp:attachment":[{"href":"https:\/\/imunize.com.br\/index.php?rest_route=%2Fwp%2Fv2%2Fmedia&parent=1752"}],"curies":[{"name":"wp","href":"https:\/\/api.w.org\/{rel}","templated":true}]}}