{"id":2041,"date":"2022-01-12T16:34:18","date_gmt":"2022-01-12T19:34:18","guid":{"rendered":"https:\/\/imunize.com.br\/?page_id=2041"},"modified":"2022-01-12T16:34:58","modified_gmt":"2022-01-12T19:34:58","slug":"teste-da-bochechinha","status":"publish","type":"page","link":"https:\/\/imunize.com.br\/?page_id=2041","title":{"rendered":"Teste da bochechinha"},"content":{"rendered":"<div class=\"bt_bb_wrapper\"><section id=\"bt_bb_section69d04fc9adc73\"  class=\"bt_bb_section bt_bb_layout_wide bt_bb_vertical_align_top\" ><div class=\"bt_bb_port\"><div class=\"bt_bb_cell\"><div class=\"bt_bb_cell_inner\"><div class=\"bt_bb_row_wrapper\"><div  class=\"bt_bb_row\" ><div  class=\"bt_bb_column col-md-12 col-ms-12 bt_bb_align_left bt_bb_vertical_align_top bt_bb_padding_normal\"  data-width=\"12\"><div class=\"bt_bb_column_content\"><div class=\"bt_bb_content_slider bt_bb_content_slider_32963 bt_bb_gap_no_gap bt_bb_arrows_size_large bt_bb_arrows_style_transparent_light bt_bb_show_dots_bottom bt_bb_dots_style_accent_dot bt_bb_show_paging_as_dots bt_bb_height_full_screen bt_bb_animation_slide\"><div class=\"slick-slider\"  data-slick='{ \"lazyLoad\": \"progressive\", \"cssEase\": \"ease-out\", \"speed\": \"600\", \"prevArrow\": \"&lt;button type=\\\"button\\\" class=\\\"slick-prev\\\"&gt;\", \"nextArrow\": \"&lt;button type=\\\"button\\\" class=\\\"slick-next\\\"&gt;\", \"adaptiveHeight\": true, \"dots\": true,\"autoplay\": true, \"autoplaySpeed\": 4000}' ><div class=\"bt_bb_content_slider_item\" style=\"background-position: center 0;;background-image:url(https:\/\/imunize.com.br\/wp-content\/uploads\/2022\/01\/7-min-2048x1048.png)\"><div class=\"bt_bb_content_slider_item_content content\"><div  class=\"bt_bb_row_inner\" ><div  class=\"bt_bb_column_inner col-md-12 col-ms-12 bt_bb_align_left bt_bb_vertical_align_top bt_bb_animation_fade_in move_up animate bt_bb_padding_normal\"  data-width=\"12\"><div class=\"bt_bb_column_inner_content\"><div class=\"bt_bb_separator bt_bb_top_spacing_extra_large bt_bb_border_style_none\"><\/div><div class=\"bt_bb_separator bt_bb_top_spacing_extra_large bt_bb_border_style_none\"><\/div><div class=\"bt_bb_separator bt_bb_top_spacing_large bt_bb_border_style_none\"><\/div><header class=\"bt_bb_headline bt_bb_font_weight_bold bt_bb_color_scheme_11 bt_bb_dash_none bt_bb_size_extralarge bt_bb_superheadline bt_bb_subheadline bt_bb_align_inherit bt_bb_dash_type_none\"><h2 style=\"font-size:5.625em\"><span class=\"bt_bb_headline_superheadline\">Identificando mais de 320 doen\u00e7as<\/span><span class=\"bt_bb_headline_content\"><span><s>Teste da bochechinha <\/s><br \/>\r\n<\/span><\/span><\/h2><div class=\"bt_bb_headline_subheadline\">O Teste da Bochechinha \u00e9 um exame gen\u00e9tico que investiga<br \/>\r\ndoen\u00e7as que podem se manifestar na inf\u00e2ncia, todas com<br \/>\r\ntratamento j\u00e1 dispon\u00edvel no Brasil.<\/div><\/header><div class=\"bt_bb_separator bt_bb_top_spacing_extra_small bt_bb_bottom_spacing_normal bt_bb_border_style_none\"><\/div><div class=\"bt_bb_separator bt_bb_top_spacing_extra_small bt_bb_bottom_spacing_normal bt_bb_border_style_none\"><\/div><div class=\"bt_bb_separator bt_bb_top_spacing_extra_large bt_bb_bottom_spacing_extra_large bt_bb_border_style_none\"><\/div><div class=\"bt_bb_column_inner_highlight\"><\/div><\/div><\/div><\/div><\/div><\/div><\/div><\/div><div class=\"bt_bb_column_highlight\"><\/div><\/div><\/div><\/div><\/div><\/div><\/div><\/div><\/section><section id=\"bt_bb_section69d04fc9af4c8\"  class=\"bt_bb_section bt_bb_top_spacing_extra_large bt_bb_bottom_spacing_small bt_bb_layout_boxed_1200 bt_bb_vertical_align_top\" ><div class=\"bt_bb_port\"><div class=\"bt_bb_cell\"><div class=\"bt_bb_cell_inner\"><div class=\"bt_bb_row_wrapper\"><div  class=\"bt_bb_row\" ><div  class=\"bt_bb_column col-md-12 col-ms-12 bt_bb_align_left bt_bb_vertical_align_top bt_bb_animation_fade_in animate bt_bb_padding_normal\"  data-width=\"12\"><div class=\"bt_bb_column_content\"><header class=\"bt_bb_headline bt_bb_font_weight_bolder bt_bb_color_scheme_4 bt_bb_dash_none bt_bb_size_extralarge bt_bb_subheadline bt_bb_align_center bt_bb_dash_type_none\" style=\";color:#0068a5;border-color:#0068a5;\"><h2><span class=\"bt_bb_headline_content\"><span>Teste da Bochechinha<\/span><\/span><\/h2><div class=\"bt_bb_headline_subheadline\">O teste da bochechinha \u00e9 o mais completo<\/div><\/header><div class=\"bt_bb_column_highlight\"><\/div><\/div><\/div><\/div><\/div><\/div><\/div><\/div><\/section><section id=\"bt_bb_section69d04fc9af909\"  class=\"bt_bb_section bt_bb_bottom_spacing_medium bt_bb_layout_boxed_1200 bt_bb_vertical_align_top\" ><div class=\"bt_bb_port\"><div class=\"bt_bb_cell\"><div class=\"bt_bb_cell_inner\"><div class=\"bt_bb_row_wrapper\"><div  class=\"bt_bb_row\" ><div  class=\"bt_bb_column col-md-3 col-sm-6 col-ms-12 bt_bb_align_left bt_bb_vertical_align_top bt_bb_animation_fade_in animate bt_bb_padding_normal\"  data-width=\"3\"><div class=\"bt_bb_column_content\"><div class=\"bt_bb_column_highlight\"><\/div><\/div><\/div><div  class=\"bt_bb_column col-md-6 col-sm-12 bt_bb_align_left bt_bb_vertical_align_top bt_bb_padding_normal\"  data-width=\"6\"><div class=\"bt_bb_column_content\"><div  class=\"bt_bb_text\" ><p>O Teste da Bochechinha \u00e9 um exame gen\u00e9tico que investiga doen\u00e7as que podem se manifestar na inf\u00e2ncia, todas com tratamento j\u00e1 dispon\u00edvel no Brasil. Para isso, a amostra do beb\u00ea \u00e9 analisada com uma t\u00e9cnica chamada de Sequenciamento de Nova Gera\u00e7\u00e3o, a mais moderna t\u00e9cnica de Gen\u00e9tica.<\/p>\n<p>Essa abordagem inovadora rastreia simultaneamente v\u00e1rias regi\u00f5es do genoma do beb\u00ea para identificar mais de 320 doen\u00e7as. A an\u00e1lise feita direta no DNA apresenta uma grande vantagem, pois identifica o risco da doen\u00e7a antes mesmo de qualquer sinal cl\u00ednico ou sintoma.<\/p>\n<p><strong>TESTE DA BOCHECHINHA \u00e9 capaz de identificar doen\u00e7as que os demais testes n\u00e3o detectam, como:<\/strong><\/p>\n<ul>\n<li><span class=\"JsGRdQ\">Defici\u00eancias do metabolismo de vitaminas e minerais\u00a0<\/span><\/li>\n<li><span class=\"JsGRdQ\">Doen\u00e7as end\u00f3crinas<\/span><\/li>\n<li><span class=\"JsGRdQ\">Doen\u00e7as hematol\u00f3gicas<\/span><\/li>\n<li><span class=\"JsGRdQ\">Doen\u00e7as hep\u00e1ticas e gastrointestinais\u00a0<\/span><\/li>\n<li><span class=\"JsGRdQ\">Doen\u00e7as imunol\u00f3gicas\u00a0<\/span><\/li>\n<li><span class=\"JsGRdQ\">Doen\u00e7as neurol\u00f3gicas\u00a0<\/span><\/li>\n<li><span class=\"JsGRdQ\">Doen\u00e7as pulmonares<\/span><\/li>\n<li><span class=\"JsGRdQ\">Doen\u00e7as renais<\/span><\/li>\n<li><span class=\"JsGRdQ\">Erros inatos do metabolismo<\/span><\/li>\n<li><span class=\"JsGRdQ\">Neoplasias<\/span><\/li>\n<li><span class=\"JsGRdQ\">Surdez<\/span><\/li>\n<\/ul>\n<p><img decoding=\"async\" loading=\"lazy\" class=\"aligncenter wp-image-2042 size-large\" src=\"http:\/\/imunize.com.br\/wp-content\/uploads\/2022\/01\/diferencas-1280x755.png\" alt=\"\" width=\"1200\" height=\"708\" srcset=\"https:\/\/imunize.com.br\/wp-content\/uploads\/2022\/01\/diferencas-1280x755.png 1280w, https:\/\/imunize.com.br\/wp-content\/uploads\/2022\/01\/diferencas-640x378.png 640w, https:\/\/imunize.com.br\/wp-content\/uploads\/2022\/01\/diferencas-768x453.png 768w, https:\/\/imunize.com.br\/wp-content\/uploads\/2022\/01\/diferencas-320x189.png 320w, https:\/\/imunize.com.br\/wp-content\/uploads\/2022\/01\/diferencas.png 1536w\" sizes=\"(max-width: 1200px) 100vw, 1200px\" \/><\/p>\n<p>Entre em contato com a nossa equipe e agende.<\/p>\n<\/div><div class=\"bt_bb_column_highlight\"><\/div><\/div><\/div><div  class=\"bt_bb_column col-md-3 col-sm-6 col-ms-12 bt_bb_align_left bt_bb_vertical_align_top bt_bb_padding_normal\"  data-width=\"3\"><div class=\"bt_bb_column_content\"><div class=\"bt_bb_column_highlight\"><\/div><\/div><\/div><\/div><\/div><\/div><\/div><\/div><\/section><section id=\"bt_bb_section69d04fc9b0046\"  class=\"bt_bb_section bt_bb_top_spacing_small bt_bb_bottom_spacing_medium bt_bb_layout_boxed_1200 bt_bb_vertical_align_top\" ><div class=\"bt_bb_port\"><div class=\"bt_bb_cell\"><div class=\"bt_bb_cell_inner\"><div class=\"bt_bb_row_wrapper\"><div  class=\"bt_bb_row\" ><div  class=\"bt_bb_column col-md-12 col-ms-12 bt_bb_align_left bt_bb_vertical_align_top bt_bb_animation_fade_in animate bt_bb_padding_normal\"  data-width=\"12\"><div class=\"bt_bb_column_content\"><div class=\"bt_bb_separator bt_bb_top_spacing_normal bt_bb_border_style_none\"><\/div><header class=\"bt_bb_headline bt_bb_font_weight_bolder bt_bb_color_scheme_4 bt_bb_dash_none bt_bb_size_extralarge bt_bb_subheadline bt_bb_align_center bt_bb_dash_type_none\" style=\";color:#0068a5;border-color:#0068a5;\"><h2><span class=\"bt_bb_headline_content\"><span>Blog Imunize Cl\u00ednica de Vacina\u00e7\u00e3o<\/span><\/span><\/h2><div class=\"bt_bb_headline_subheadline\">Novidades, not\u00edcias e dicas sobre vacina\u00e7\u00e3o<\/div><\/header><div class=\"bt_bb_column_highlight\"><\/div><\/div><\/div><\/div><\/div><\/div><\/div><\/div><\/section><section id=\"bt_bb_section69d04fc9b0280\"  class=\"bt_bb_section bt_bb_top_spacing_small bt_bb_bottom_spacing_medium bt_bb_layout_boxed_1200 bt_bb_vertical_align_top\" ><div class=\"bt_bb_port\"><div class=\"bt_bb_cell\"><div class=\"bt_bb_cell_inner\"><div class=\"bt_bb_row_wrapper\"><div  class=\"bt_bb_row bt_bb_column_gap_extra_small\" ><div  class=\"bt_bb_column col-md-3 col-sm-6 col-ms-12 bt_bb_align_left bt_bb_vertical_align_top bt_bb_animation_fade_in animate bt_bb_padding_normal\"  data-width=\"3\"><div class=\"bt_bb_column_content\"><div class=\"bt_bb_column_highlight\"><\/div><\/div><\/div><div  class=\"bt_bb_column col-md-6 col-sm-12 bt_bb_align_left bt_bb_vertical_align_top bt_bb_padding_normal\"  data-width=\"6\"><div class=\"bt_bb_column_content\"><div class=\"bt_bb_masonry_post_grid bt_bb_grid_container bt_bb_columns_2 bt_bb_gap_large bt_bb_look_image_above bt_bb_date_design_rounded bt_bb_show_read_more_show_share\" data-columns=\"2\"><div class=\"bt_bb_masonry_post_post_grid_content bt_bb_masonry_post_grid_content bt_bb_grid_hide\" data-bt-nonce=\"c0fb4c954a\" data-number=\"2\" data-category=\"\" data-show=\"a%3A7%3A%7Bs%3A8%3A%22category%22%3Bb%3A0%3Bs%3A4%3A%22date%22%3Bb%3A0%3Bs%3A6%3A%22author%22%3Bb%3A1%3Bs%3A8%3A%22comments%22%3Bb%3A1%3Bs%3A7%3A%22excerpt%22%3Bb%3A0%3Bs%3A5%3A%22share%22%3Bb%3A1%3Bs%3A9%3A%22read_more%22%3Bb%3A1%3B%7D\" data-auto-loading=\"\" data-date-design=\"rounded\"  data-target=\"_self\"><div class=\"bt_bb_grid_sizer\"><\/div><\/div><div class=\"bt_bb_post_grid_loader\"><span class=\"box1\"><\/span><span class=\"box2\"><\/span><span class=\"box3\"><\/span><span class=\"box4\"><\/span><span class=\"box5\"><\/span><\/div><\/div><div class=\"bt_bb_column_highlight\"><\/div><\/div><\/div><div  class=\"bt_bb_column col-md-3 col-sm-6 col-ms-12 bt_bb_align_left bt_bb_vertical_align_top bt_bb_padding_normal\"  data-width=\"3\"><div class=\"bt_bb_column_content\"><div class=\"bt_bb_column_highlight\"><\/div><\/div><\/div><\/div><\/div><\/div><\/div><\/div><\/section><\/div>","protected":false},"excerpt":{"rendered":"","protected":false},"author":1,"featured_media":0,"parent":0,"menu_order":0,"comment_status":"closed","ping_status":"closed","template":"","meta":[],"_links":{"self":[{"href":"https:\/\/imunize.com.br\/index.php?rest_route=\/wp\/v2\/pages\/2041"}],"collection":[{"href":"https:\/\/imunize.com.br\/index.php?rest_route=\/wp\/v2\/pages"}],"about":[{"href":"https:\/\/imunize.com.br\/index.php?rest_route=\/wp\/v2\/types\/page"}],"author":[{"embeddable":true,"href":"https:\/\/imunize.com.br\/index.php?rest_route=\/wp\/v2\/users\/1"}],"replies":[{"embeddable":true,"href":"https:\/\/imunize.com.br\/index.php?rest_route=%2Fwp%2Fv2%2Fcomments&post=2041"}],"version-history":[{"count":1,"href":"https:\/\/imunize.com.br\/index.php?rest_route=\/wp\/v2\/pages\/2041\/revisions"}],"predecessor-version":[{"id":2043,"href":"https:\/\/imunize.com.br\/index.php?rest_route=\/wp\/v2\/pages\/2041\/revisions\/2043"}],"wp:attachment":[{"href":"https:\/\/imunize.com.br\/index.php?rest_route=%2Fwp%2Fv2%2Fmedia&parent=2041"}],"curies":[{"name":"wp","href":"https:\/\/api.w.org\/{rel}","templated":true}]}}