{"id":2053,"date":"2022-01-12T16:58:33","date_gmt":"2022-01-12T19:58:33","guid":{"rendered":"https:\/\/imunize.com.br\/?page_id=2053"},"modified":"2022-01-12T16:58:33","modified_gmt":"2022-01-12T19:58:33","slug":"laserterapia","status":"publish","type":"page","link":"https:\/\/imunize.com.br\/?page_id=2053","title":{"rendered":"Laserterapia"},"content":{"rendered":"<div class=\"bt_bb_wrapper\"><section id=\"bt_bb_section69d04fef467c4\"  class=\"bt_bb_section bt_bb_layout_wide bt_bb_vertical_align_top\" ><div class=\"bt_bb_port\"><div class=\"bt_bb_cell\"><div class=\"bt_bb_cell_inner\"><div class=\"bt_bb_row_wrapper\"><div  class=\"bt_bb_row\" ><div  class=\"bt_bb_column col-md-12 col-ms-12 bt_bb_align_left bt_bb_vertical_align_top bt_bb_padding_normal\"  data-width=\"12\"><div class=\"bt_bb_column_content\"><div class=\"bt_bb_content_slider bt_bb_content_slider_51688 bt_bb_gap_no_gap bt_bb_arrows_size_large bt_bb_arrows_style_transparent_light bt_bb_show_dots_bottom bt_bb_dots_style_accent_dot bt_bb_show_paging_as_dots bt_bb_height_full_screen bt_bb_animation_slide\"><div class=\"slick-slider\"  data-slick='{ \"lazyLoad\": \"progressive\", \"cssEase\": \"ease-out\", \"speed\": \"600\", \"prevArrow\": \"&lt;button type=\\\"button\\\" class=\\\"slick-prev\\\"&gt;\", \"nextArrow\": \"&lt;button type=\\\"button\\\" class=\\\"slick-next\\\"&gt;\", \"adaptiveHeight\": true, \"dots\": true,\"autoplay\": true, \"autoplaySpeed\": 4000}' ><div class=\"bt_bb_content_slider_item\" style=\"background-position: center 0;;background-image:url(https:\/\/imunize.com.br\/wp-content\/uploads\/2022\/01\/9-min-2048x1048.png)\"><div class=\"bt_bb_content_slider_item_content content\"><div  class=\"bt_bb_row_inner\" ><div  class=\"bt_bb_column_inner col-md-12 col-ms-12 bt_bb_align_left bt_bb_vertical_align_top bt_bb_animation_fade_in move_up animate bt_bb_padding_normal\"  data-width=\"12\"><div class=\"bt_bb_column_inner_content\"><div class=\"bt_bb_separator bt_bb_top_spacing_extra_large bt_bb_border_style_none\"><\/div><div class=\"bt_bb_separator bt_bb_top_spacing_extra_large bt_bb_border_style_none\"><\/div><div class=\"bt_bb_separator bt_bb_top_spacing_large bt_bb_border_style_none\"><\/div><header class=\"bt_bb_headline bt_bb_font_weight_bold bt_bb_color_scheme_11 bt_bb_dash_none bt_bb_size_huge bt_bb_superheadline bt_bb_subheadline bt_bb_align_inherit bt_bb_dash_type_none\"><h2 style=\"font-size:5.625em\"><span class=\"bt_bb_headline_superheadline\">Tratamento de \u00faltima gera\u00e7\u00e3o<\/span><span class=\"bt_bb_headline_content\"><span><s>Laserterapia<\/s><br \/>\r\n<\/span><\/span><\/h2><div class=\"bt_bb_headline_subheadline\">A laserterapia pode ser utilizada para prevenir rachaduras<br \/>\r\nnos mamilos se realizada no p\u00f3s-parto. A Cl\u00ednica Imunize<br \/>\r\ndisponibiliza mais um tratamento de \u00faltima gera\u00e7\u00e3o, a<br \/>\r\nlaserterapia.<\/div><\/header><div class=\"bt_bb_separator bt_bb_top_spacing_extra_small bt_bb_bottom_spacing_normal bt_bb_border_style_none\"><\/div><div class=\"bt_bb_separator bt_bb_top_spacing_extra_small bt_bb_bottom_spacing_normal bt_bb_border_style_none\"><\/div><div class=\"bt_bb_separator bt_bb_top_spacing_extra_large bt_bb_bottom_spacing_extra_large bt_bb_border_style_none\"><\/div><div class=\"bt_bb_column_inner_highlight\"><\/div><\/div><\/div><\/div><\/div><\/div><\/div><\/div><div class=\"bt_bb_column_highlight\"><\/div><\/div><\/div><\/div><\/div><\/div><\/div><\/div><\/section><section id=\"bt_bb_section69d04fef4776d\"  class=\"bt_bb_section bt_bb_top_spacing_extra_large bt_bb_bottom_spacing_small bt_bb_layout_boxed_1200 bt_bb_vertical_align_top\" ><div class=\"bt_bb_port\"><div class=\"bt_bb_cell\"><div class=\"bt_bb_cell_inner\"><div class=\"bt_bb_row_wrapper\"><div  class=\"bt_bb_row\" ><div  class=\"bt_bb_column col-md-12 col-ms-12 bt_bb_align_left bt_bb_vertical_align_top bt_bb_animation_fade_in animate bt_bb_padding_normal\"  data-width=\"12\"><div class=\"bt_bb_column_content\"><header class=\"bt_bb_headline bt_bb_font_weight_bolder bt_bb_color_scheme_4 bt_bb_dash_none bt_bb_size_extralarge bt_bb_subheadline bt_bb_align_center bt_bb_dash_type_none\" style=\";color:#0068a5;border-color:#0068a5;\"><h2><span class=\"bt_bb_headline_content\"><span>Laserterapia<\/span><\/span><\/h2><div class=\"bt_bb_headline_subheadline\">Reestabelecimento da amamenta\u00e7\u00e3o e al\u00edvio da dor.<\/div><\/header><div class=\"bt_bb_column_highlight\"><\/div><\/div><\/div><\/div><\/div><\/div><\/div><\/div><\/section><section id=\"bt_bb_section69d04fef47997\"  class=\"bt_bb_section bt_bb_bottom_spacing_medium bt_bb_layout_boxed_1200 bt_bb_vertical_align_top\" ><div class=\"bt_bb_port\"><div class=\"bt_bb_cell\"><div class=\"bt_bb_cell_inner\"><div class=\"bt_bb_row_wrapper\"><div  class=\"bt_bb_row\" ><div  class=\"bt_bb_column col-md-3 col-sm-6 col-ms-12 bt_bb_align_left bt_bb_vertical_align_top bt_bb_animation_fade_in animate bt_bb_padding_normal\"  data-width=\"3\"><div class=\"bt_bb_column_content\"><div class=\"bt_bb_column_highlight\"><\/div><\/div><\/div><div  class=\"bt_bb_column col-md-6 col-sm-12 bt_bb_align_left bt_bb_vertical_align_top bt_bb_padding_normal\"  data-width=\"6\"><div class=\"bt_bb_column_content\"><div  class=\"bt_bb_text\" ><p><strong>Voc\u00ea conhece os benef\u00edcios do laser no tratamento de fissuras mamilares p\u00f3s-parto?<\/strong><\/p>\n<p>A Cl\u00ednica Imunize disponibiliza mais um tratamento de \u00faltima gera\u00e7\u00e3o, a laserterapia.<\/p>\n<p><strong>O que \u00e9?<\/strong><\/p>\n<p>O tratamento com laser de baixa intensidade \u00e9 o mais moderno e eficaz tratamento de les\u00f5es mamilares p\u00f3s-parto.<\/p>\n<p>Em mamilos lesionados, a laserterapia entra como coadjuvante no tratamento por promover a acelera\u00e7\u00e3o da cicatriza\u00e7\u00e3o, analgesia e modular a inflama\u00e7\u00e3o.<\/p>\n<p>Poucas aplica\u00e7\u00f5es j\u00e1 permitem o reestabelecimento da amamenta\u00e7\u00e3o e al\u00edvio da dor.<\/p>\n<p><strong>Benef\u00edcios do laser<\/strong><\/p>\n<p>\u2022 A\u00e7\u00e3o analg\u00e9sica<br \/>\n\u2022 Anti-inflamat\u00f3ria<br \/>\n\u2022 Antiedema<br \/>\n\u2022 Antibactericida<br \/>\n\u2022 Rejuvenescedor<\/p>\n<p><strong>Preven\u00e7\u00e3o com laser<\/strong><\/p>\n<p>A laserterapia pode ser utilizada para prevenir rachaduras nos mamilos se realizada no p\u00f3s-parto.<\/p>\n<p>A luz do laser auxilia a \u201ccalejar\u201d o mamilo aumentando a resist\u00eancia da pele.<\/p>\n<p>O efeito secund\u00e1rio \u00e9 o est\u00edmulo na produ\u00e7\u00e3o de leite, t\u00e3o desejado por muitas mam\u00e3es!<\/p>\n<p><strong>Quem aplica?<\/strong><\/p>\n<p>O tratamento com laser de baixa intensidade \u00e9 aplicado por uma profissional consultora em amamenta\u00e7\u00e3o com especializa\u00e7\u00e3o e capacita\u00e7\u00e3o em laserterapia.<\/p>\n<p>A aplica\u00e7\u00e3o do laser \u00e9 r\u00e1pida, indolor e pode ser realizada diariamente at\u00e9 a remiss\u00e3o dos sintomas.<\/p>\n<p>Em m\u00e9dia de 4 a 8 sess\u00f5es s\u00e3o necess\u00e1rias, e quanto antes iniciar o tratamento, melhor a resposta cl\u00ednica.<\/p>\n<p><strong>Outras aplica\u00e7\u00f5es do laser no p\u00f3s-parto<\/strong><\/p>\n<p><em><strong>Analgesia e cicatriza\u00e7\u00e3o do per\u00edneo e cicatriz da ces\u00e1rea:<\/strong><\/em><br \/>\nA laserterapia tem se mostrado uma ferramenta eficaz para acelerar a cicatriza\u00e7\u00e3o e principalmente reduzir a dor, o desconforto e o edema na regi\u00e3o do per\u00edneo e da cicatriz da ces\u00e1rea no per\u00edodo p\u00f3s-parto.<\/p>\n<p>A irradia\u00e7\u00e3o \u00e9 indolor, n\u00e3o encosta nos tecidos e deve ser feita de prefer\u00eancia diariamente at\u00e9 a remiss\u00e3o da dor. O al\u00edvio do inc\u00f4modo pode ser imediato.<\/p>\n<p>N\u00e3o sofra com a amamenta\u00e7\u00e3o, agende uma sess\u00e3o.<\/p>\n<\/div><div class=\"bt_bb_column_highlight\"><\/div><\/div><\/div><div  class=\"bt_bb_column col-md-3 col-sm-6 col-ms-12 bt_bb_align_left bt_bb_vertical_align_top bt_bb_padding_normal\"  data-width=\"3\"><div class=\"bt_bb_column_content\"><div class=\"bt_bb_column_highlight\"><\/div><\/div><\/div><\/div><\/div><\/div><\/div><\/div><\/section><section id=\"bt_bb_section69d04fef47f47\"  class=\"bt_bb_section bt_bb_top_spacing_small bt_bb_bottom_spacing_medium bt_bb_layout_boxed_1200 bt_bb_vertical_align_top\" ><div class=\"bt_bb_port\"><div class=\"bt_bb_cell\"><div class=\"bt_bb_cell_inner\"><div class=\"bt_bb_row_wrapper\"><div  class=\"bt_bb_row\" ><div  class=\"bt_bb_column col-md-12 col-ms-12 bt_bb_align_left bt_bb_vertical_align_top bt_bb_animation_fade_in animate bt_bb_padding_normal\"  data-width=\"12\"><div class=\"bt_bb_column_content\"><div class=\"bt_bb_separator bt_bb_top_spacing_normal bt_bb_border_style_none\"><\/div><header class=\"bt_bb_headline bt_bb_font_weight_bolder bt_bb_color_scheme_4 bt_bb_dash_none bt_bb_size_extralarge bt_bb_subheadline bt_bb_align_center bt_bb_dash_type_none\" style=\";color:#0068a5;border-color:#0068a5;\"><h2><span class=\"bt_bb_headline_content\"><span>Blog Imunize Cl\u00ednica de Vacina\u00e7\u00e3o<\/span><\/span><\/h2><div class=\"bt_bb_headline_subheadline\">Novidades, not\u00edcias e dicas sobre vacina\u00e7\u00e3o<\/div><\/header><div class=\"bt_bb_column_highlight\"><\/div><\/div><\/div><\/div><\/div><\/div><\/div><\/div><\/section><section id=\"bt_bb_section69d04fef48137\"  class=\"bt_bb_section bt_bb_top_spacing_small bt_bb_bottom_spacing_medium bt_bb_layout_boxed_1200 bt_bb_vertical_align_top\" ><div class=\"bt_bb_port\"><div class=\"bt_bb_cell\"><div class=\"bt_bb_cell_inner\"><div class=\"bt_bb_row_wrapper\"><div  class=\"bt_bb_row bt_bb_column_gap_extra_small\" ><div  class=\"bt_bb_column col-md-3 col-sm-6 col-ms-12 bt_bb_align_left bt_bb_vertical_align_top bt_bb_animation_fade_in animate bt_bb_padding_normal\"  data-width=\"3\"><div class=\"bt_bb_column_content\"><div class=\"bt_bb_column_highlight\"><\/div><\/div><\/div><div  class=\"bt_bb_column col-md-6 col-sm-12 bt_bb_align_left bt_bb_vertical_align_top bt_bb_padding_normal\"  data-width=\"6\"><div class=\"bt_bb_column_content\"><div class=\"bt_bb_masonry_post_grid bt_bb_grid_container bt_bb_columns_2 bt_bb_gap_large bt_bb_look_image_above bt_bb_date_design_rounded bt_bb_show_read_more_show_share\" data-columns=\"2\"><div class=\"bt_bb_masonry_post_post_grid_content bt_bb_masonry_post_grid_content bt_bb_grid_hide\" data-bt-nonce=\"c0fb4c954a\" data-number=\"2\" data-category=\"\" data-show=\"a%3A7%3A%7Bs%3A8%3A%22category%22%3Bb%3A0%3Bs%3A4%3A%22date%22%3Bb%3A0%3Bs%3A6%3A%22author%22%3Bb%3A1%3Bs%3A8%3A%22comments%22%3Bb%3A1%3Bs%3A7%3A%22excerpt%22%3Bb%3A0%3Bs%3A5%3A%22share%22%3Bb%3A1%3Bs%3A9%3A%22read_more%22%3Bb%3A1%3B%7D\" data-auto-loading=\"\" data-date-design=\"rounded\"  data-target=\"_self\"><div class=\"bt_bb_grid_sizer\"><\/div><\/div><div class=\"bt_bb_post_grid_loader\"><span class=\"box1\"><\/span><span class=\"box2\"><\/span><span class=\"box3\"><\/span><span class=\"box4\"><\/span><span class=\"box5\"><\/span><\/div><\/div><div class=\"bt_bb_column_highlight\"><\/div><\/div><\/div><div  class=\"bt_bb_column col-md-3 col-sm-6 col-ms-12 bt_bb_align_left bt_bb_vertical_align_top bt_bb_padding_normal\"  data-width=\"3\"><div class=\"bt_bb_column_content\"><div class=\"bt_bb_column_highlight\"><\/div><\/div><\/div><\/div><\/div><\/div><\/div><\/div><\/section><\/div>","protected":false},"excerpt":{"rendered":"","protected":false},"author":1,"featured_media":0,"parent":0,"menu_order":0,"comment_status":"closed","ping_status":"closed","template":"","meta":[],"_links":{"self":[{"href":"https:\/\/imunize.com.br\/index.php?rest_route=\/wp\/v2\/pages\/2053"}],"collection":[{"href":"https:\/\/imunize.com.br\/index.php?rest_route=\/wp\/v2\/pages"}],"about":[{"href":"https:\/\/imunize.com.br\/index.php?rest_route=\/wp\/v2\/types\/page"}],"author":[{"embeddable":true,"href":"https:\/\/imunize.com.br\/index.php?rest_route=\/wp\/v2\/users\/1"}],"replies":[{"embeddable":true,"href":"https:\/\/imunize.com.br\/index.php?rest_route=%2Fwp%2Fv2%2Fcomments&post=2053"}],"version-history":[{"count":1,"href":"https:\/\/imunize.com.br\/index.php?rest_route=\/wp\/v2\/pages\/2053\/revisions"}],"predecessor-version":[{"id":2055,"href":"https:\/\/imunize.com.br\/index.php?rest_route=\/wp\/v2\/pages\/2053\/revisions\/2055"}],"wp:attachment":[{"href":"https:\/\/imunize.com.br\/index.php?rest_route=%2Fwp%2Fv2%2Fmedia&parent=2053"}],"curies":[{"name":"wp","href":"https:\/\/api.w.org\/{rel}","templated":true}]}}